{"id":1015,"date":"2020-04-17T15:33:42","date_gmt":"2020-04-17T13:33:42","guid":{"rendered":"https:\/\/albora.co\/?page_id=1015"},"modified":"2024-04-10T14:29:15","modified_gmt":"2024-04-10T19:29:15","slug":"sobre-alianza-team","status":"publish","type":"page","link":"https:\/\/www.albora.co\/en\/sobre-alianza-team\/","title":{"rendered":"About Alianza Team\u00ae"},"content":{"rendered":"<p>[vc_row css_animation=\u00bb\u00bb row_type=\u00bbrow\u00bb use_row_as_full_screen_section=\u00bbno\u00bb type=\u00bbfull_width\u00bb angled_section=\u00bbno\u00bb text_align=\u00bbleft\u00bb background_image_as_pattern=\u00bbwithout_pattern\u00bb][vc_column][rev_slider slidertitle=\u00bbSobre Alianza Team\u00bb alias=\u00bbAlianza-Team\u00bb][\/vc_column][\/vc_row][vc_row css_animation=\u00bb\u00bb row_type=\u00bbrow\u00bb use_row_as_full_screen_section=\u00bbno\u00bb type=\u00bbgrid\u00bb angled_section=\u00bbno\u00bb text_align=\u00bbleft\u00bb background_image_as_pattern=\u00bbwithout_pattern\u00bb z_index=\u00bb\u00bb css=\u00bb.vc_custom_1587130749056{padding-top: 100px !important;}\u00bb][vc_column width=\u00bb1\/3&#8243; css=\u00bb.vc_custom_1587095854312{padding-top: 50px !important;}\u00bb][vc_column_text]<\/p>\n<h2><span style=\"color: #fbaa63;\">Quieres conocer Alianza Team\u00ae<\/span><\/h2>\n<p>[\/vc_column_text][vc_empty_space height=\u00bb20px\u00bb][vc_column_text]Hace 20 a\u00f1os, y motivados por un esp\u00edritu emprendedor que mantenemos hasta la actualidad, decidimos conformar una alianza de 6 empresas l\u00edderes en el sector en Colombia, sin embargo contamos con m\u00e1s de 70 a\u00f1os de experiencia en el mercado con productos y soluciones basadas en l\u00edpidos.<\/p>\n<p>Hoy, somos una organizaci\u00f3n multilatina, l\u00edder en el sector de los l\u00edpidos, nutrici\u00f3n y panader\u00eda congelada, que busca contribuir, desde su experiencia, a\u00a0<strong>Alimentar un mejor ma\u00f1ana\u00a0<\/strong>con soluciones de valor que generen un impacto positivo en nuestros clientes y consumidores y en nuestro entorno. Por eso contamos con 3 negocios que nos ayudan a atender las diferentes necesidades, anticip\u00e1ndonos siempre al mercado:\u00a0<a href=\"http:\/\/www.bredenmaster.com\/\" target=\"_blank\" rel=\"noopener\">BredenMaster\u00ae<\/a>,<a href=\"https:\/\/alianzateam.com\/team-solutions\/\" target=\"_blank\" rel=\"noopener\"> Team Solutions\u00ae<\/a>\u00a0y\u00a0<a href=\"https:\/\/alianzateam.com\/team-foods\/\" target=\"_blank\" rel=\"noopener\">Team Foods\u00ae.\u00a0<\/a>[\/vc_column_text][vc_empty_space height=\u00bb10px\u00bb][vc_empty_space height=\u00bb25px\u00bb][button size=\u00bbmedium\u00bb target=\u00bb_blank\u00bb hover_type=\u00bbenlarge\u00bb text_align=\u00bbcenter\u00bb button_shadow=\u00bbno\u00bb text=\u00bbConoce m\u00e1s de Alianza Team\u00ae\u00bb link=\u00bbhttps:\/\/alianzateam.com\/\u00bb][\/vc_column][vc_column width=\u00bb1\/3&#8243;][vc_empty_space height=\u00bb35px\u00bb][vc_empty_space height=\u00bb35px\u00bb][vc_empty_space height=\u00bb35px\u00bb][vc_empty_space height=\u00bb35px\u00bb][vc_column_text]Tenemos presencia en Colombia, con 4 plantas enfocadas en producir soluciones basadas en l\u00edpidos y nutrici\u00f3n, \u00a0en las ciudades de Bogot\u00e1, Barranquilla y Buga; en Chile contamos con dos plantas, una de producci\u00f3n de soluciones basadas en l\u00edpidos y nutrici\u00f3n y otra de panader\u00eda congelada BredenMaster; y en M\u00e9xico, tenemos una planta de producci\u00f3n en Morelia, enfocada en soluciones basadas en l\u00edpidos y nutrici\u00f3n. Adem\u00e1s, exportamos nuestros productos a pa\u00edses como Per\u00fa, Costa Rica, Panam\u00e1, Curazao,\u00a0 Argentina y Bolivia.<\/p>\n<p>En la b\u00fasqueda de cumplir nuestro prop\u00f3sito superior de\u00a0<strong>Alimentar un mejor ma\u00f1ana<\/strong>, entendimos que no existe desarrollo y crecimiento, sin una consciencia sostenible en el tiempo en donde todos crezcamos, nuestros aliados, proveedores, comunidades, medio ambiente y entorno y, por supuesto, nuestros colaboradores.[\/vc_column_text][vc_empty_space height=\u00bb25px\u00bb][\/vc_column][vc_column width=\u00bb1\/3&#8243;][vc_empty_space height=\u00bb35px\u00bb][vc_empty_space height=\u00bb35px\u00bb][vc_empty_space height=\u00bb35px\u00bb][vc_empty_space height=\u00bb35px\u00bb][vc_single_image image=\u00bb1397&#8243; img_size=\u00bbfull\u00bb alignment=\u00bbcenter\u00bb qode_css_animation=\u00bb\u00bb][vc_empty_space height=\u00bb25px\u00bb][vc_column_text]\u00a1As\u00ed somos en Alianza Team\u00ae! Un equipo so\u00f1ador, que d\u00eda a d\u00eda trabaja por ser mejor, para nuestra sociedad. Buscamos explotar nuestro m\u00e1ximo potencial creyendo que con autonom\u00eda, disciplina y compromiso, trazaremos un camino de crecimiento a nivel personal y profesional, poniendo siempre como prioridad nuestro sentido humano.<\/p>\n<p><strong>\u00a1Bienvenido a Alianza Team\u00ae, un equipo comprometido con Alimentar un mejor ma\u00f1ana!<\/strong>[\/vc_column_text][\/vc_column][\/vc_row][vc_row css_animation=\u00bb\u00bb row_type=\u00bbrow\u00bb use_row_as_full_screen_section=\u00bbno\u00bb type=\u00bbfull_width\u00bb angled_section=\u00bbno\u00bb text_align=\u00bbleft\u00bb background_image_as_pattern=\u00bbwithout_pattern\u00bb z_index=\u00bb\u00bb][vc_column css=\u00bb.vc_custom_1587130887582{padding-top: 50px !important;}\u00bb][vc_empty_space height=\u00bb40px\u00bb][\/vc_column][\/vc_row][vc_row css_animation=\u00bb\u00bb row_type=\u00bbrow\u00bb use_row_as_full_screen_section=\u00bbno\u00bb type=\u00bbfull_width\u00bb angled_section=\u00bbno\u00bb text_align=\u00bbleft\u00bb background_image_as_pattern=\u00bbwithout_pattern\u00bb][vc_column][qode_split_scrolling_section][\/qode_split_scrolling_section][\/vc_column][\/vc_row]<\/p>","protected":false},"excerpt":{"rendered":"<p>[vc_row css_animation=\u00bb\u00bb row_type=\u00bbrow\u00bb use_row_as_full_screen_section=\u00bbno\u00bb type=\u00bbfull_width\u00bb angled_section=\u00bbno\u00bb text_align=\u00bbleft\u00bb background_image_as_pattern=\u00bbwithout_pattern\u00bb][vc_column][rev_slider slidertitle=\u00bbSobre Alianza Team\u00bb alias=\u00bbAlianza-Team\u00bb][\/vc_column][\/vc_row][vc_row css_animation=\u00bb\u00bb row_type=\u00bbrow\u00bb use_row_as_full_screen_section=\u00bbno\u00bb type=\u00bbgrid\u00bb angled_section=\u00bbno\u00bb text_align=\u00bbleft\u00bb background_image_as_pattern=\u00bbwithout_pattern\u00bb z_index=\u00bb\u00bb css=\u00bb.vc_custom_1587130749056{padding-top: 100px !important;}\u00bb][vc_column width=\u00bb1\/3&#8243; css=\u00bb.vc_custom_1587095854312{padding-top: 50px !important;}\u00bb][vc_column_text] Quieres conocer Alianza Team\u00ae [\/vc_column_text][vc_empty_space height=\u00bb20px\u00bb][vc_column_text]Hace 20 a\u00f1os, y motivados por un esp\u00edritu emprendedor que mantenemos hasta la&#8230;<\/p>","protected":false},"author":21,"featured_media":0,"parent":0,"menu_order":0,"comment_status":"closed","ping_status":"closed","template":"full_width.php","meta":{"rank_math_lock_modified_date":false,"footnotes":""},"class_list":["post-1015","page","type-page","status-publish","hentry"],"_links":{"self":[{"href":"https:\/\/www.albora.co\/en\/wp-json\/wp\/v2\/pages\/1015","targetHints":{"allow":["GET"]}}],"collection":[{"href":"https:\/\/www.albora.co\/en\/wp-json\/wp\/v2\/pages"}],"about":[{"href":"https:\/\/www.albora.co\/en\/wp-json\/wp\/v2\/types\/page"}],"author":[{"embeddable":true,"href":"https:\/\/www.albora.co\/en\/wp-json\/wp\/v2\/users\/21"}],"replies":[{"embeddable":true,"href":"https:\/\/www.albora.co\/en\/wp-json\/wp\/v2\/comments?post=1015"}],"version-history":[{"count":40,"href":"https:\/\/www.albora.co\/en\/wp-json\/wp\/v2\/pages\/1015\/revisions"}],"predecessor-version":[{"id":1767,"href":"https:\/\/www.albora.co\/en\/wp-json\/wp\/v2\/pages\/1015\/revisions\/1767"}],"wp:attachment":[{"href":"https:\/\/www.albora.co\/en\/wp-json\/wp\/v2\/media?parent=1015"}],"curies":[{"name":"wp","href":"https:\/\/api.w.org\/{rel}","templated":true}]}}