{"id":1159,"date":"2020-04-20T20:01:50","date_gmt":"2020-04-20T18:01:50","guid":{"rendered":"https:\/\/albora.co\/?page_id=1159"},"modified":"2024-04-10T14:29:15","modified_gmt":"2024-04-10T19:29:15","slug":"terminos-de-uso-de-la-web","status":"publish","type":"page","link":"https:\/\/www.albora.co\/en\/terminos-de-uso-de-la-web\/","title":{"rendered":"Terms of Use."},"content":{"rendered":"<p>[vc_row css_animation=\u00bb\u00bb row_type=\u00bbrow\u00bb use_row_as_full_screen_section=\u00bbno\u00bb type=\u00bbfull_width\u00bb angled_section=\u00bbno\u00bb text_align=\u00bbleft\u00bb background_image_as_pattern=\u00bbwithout_pattern\u00bb][vc_column][rev_slider slidertitle=\u00bbTerminos de uso de la web\u00bb alias=\u00bbterminos-de-uso-de-la-web\u00bb][\/vc_column][\/vc_row][vc_row css_animation=\u00bb\u00bb row_type=\u00bbrow\u00bb use_row_as_full_screen_section=\u00bbno\u00bb type=\u00bbfull_width\u00bb angled_section=\u00bbno\u00bb text_align=\u00bbleft\u00bb background_image_as_pattern=\u00bbwithout_pattern\u00bb z_index=\u00bb\u00bb][vc_column css=\u00bb.vc_custom_1587405073590{padding-right: 100px !important;padding-bottom: 100px !important;padding-left: 100px !important;}\u00bb][vc_empty_space height=\u00bb45px\u00bb][vc_column_text]<strong>Por favor leer los siguientes t\u00e9rminos y condiciones en relaci\u00f3n con el uso adecuado de este sitio web.<\/strong><\/p>\n<p>&nbsp;<\/p>\n<p>Por el hecho de usar este sitio web usted est\u00e1 sujeto a lo establecido en estos t\u00e9rminos y condiciones. Nos reservamos el derecho de modificar los mismos en cualquier momento, por tanto, usted debe revisar peri\u00f3dicamente estos t\u00e9rminos y condiciones y sus cambios. Al usar este sitio web despu\u00e9s de que se hayan publicado los cambios estos t\u00e9rminos y condiciones, usted acepta esos cambios, independientemente de si los haya revisado o no. En el evento en que usted no acepte estos t\u00e9rminos y condiciones por favor abst\u00e9ngase de visitar este sitio web.<\/p>\n<p>&nbsp;<\/p>\n<h3>Alcance de los t\u00e9rminos y condiciones<\/h3>\n<p>&nbsp;<\/p>\n<p>Estos t\u00e9rminos y condiciones son aplicables para el uso de este sitio web. Estos t\u00e9rminos y condiciones no son aplicables para el uso de sitios web que no est\u00e9n relacionados con TEAM, as\u00ed la p\u00e1gina incluya links a los cuales conecte.<\/p>\n<p>&nbsp;<\/p>\n<h3>Restricci\u00f3n en el uso de materiales<\/h3>\n<p>&nbsp;<\/p>\n<p>Los contenidos del sitio web de TEAM (el sitio web) est\u00e1n protegidos por las leyes que regulan los derechos de autor y derechos marcarios y, son de propiedad exclusiva de Team Foods Colombia S.A. Salvo manifestaci\u00f3n expresa en contrario, usted puede acceder a los contenidos de este sitio web solo para su uso personal, es decir, usted puede descargar copias de los materiales incluidos solo para su uso personal y no comercial, por tanto, usted no podr\u00e1 cambiar o suprimir ninguna referencia al autor, las marcas o lemas comerciales registrados o leyendas de uso de acuerdo con los derechos de autor. Cuando usted descargue material protegido por derechos de autor, usted no adquiere ning\u00fan derecho sobre esos materiales.<\/p>\n<p>&nbsp;<\/p>\n<p>Usted no puede modificar, copiar, publicar, mostrar, transmitir, adaptar o en ninguna forma explotar el contenido de este sitio web. Usted solo podr\u00e1 publicar, mostrar, o explotar comercialmente cualquier material del sitio web en el evento en el que obtenga nuestro consentimiento previo y por escrito \u2013 y el de todas las otras entidades interesadas en la relevancia de la propiedad intelectual.<\/p>\n<p>&nbsp;<\/p>\n<h3>Contenido<\/h3>\n<p>&nbsp;<\/p>\n<p>En este sitio web podemos mostrar cat\u00e1logos, descripciones y especificaciones de nuestros productos. Si bien tratamos de ofrecer informaci\u00f3n al d\u00eda, no podemos garantizar que los cat\u00e1logos siempre muestren la informaci\u00f3n actualizada a la fecha. Usted est\u00e1 de acuerdo en que no har\u00e1 responsable a Team Foods Colombia S.A. por las inexactitudes encontradas en los cat\u00e1logos de los productos. Los cat\u00e1logos pueden incluir derechos de autor, derechos marcarios o derechos sobre otros materiales. Usted solo puede usar los cat\u00e1logos para efectos informativos. Usted no podr\u00e1 usar el contenido de los cat\u00e1logos en ninguna forma que pueda infringir o violar los derechos de terceros.<\/p>\n<p>&nbsp;<\/p>\n<h3>Links<\/h3>\n<p>&nbsp;<\/p>\n<p>Estos t\u00e9rminos y condiciones solo son aplicables para este sitio web y no para los sitios web de cualquier otra compa\u00f1\u00eda u organizaci\u00f3n, incluyendo aquellas a las que este sitio web pueda conectar. No somos responsables de la disponibilidad de ninguno de los sitios a los que este sitio web pueda conectar. No asumimos responsabilidad por los contenidos, publicidad, productos u otros materiales obtenidos a trav\u00e9s de ning\u00fan otro sitio web. Bajo ninguna circunstancia asumiremos responsabilidad, directa o indirectamente, por ninguna p\u00e9rdida o da\u00f1o causado a usted en conexi\u00f3n con el uso de alg\u00fan contenido, productos o servicios disponibles en cualquier otro sitio web. Usted podr\u00e1 enviar cualquier inquietud directamente al administrador de ese sitio web. En cualquier caso, nos reservamos el derecho de rescindir cualquier permiso concedido y de solicitar la finalizaci\u00f3n de la conexi\u00f3n con otros sitios web en cualquier momento.<\/p>\n<p>&nbsp;<\/p>\n<h3>Disclaimers<\/h3>\n<p>&nbsp;<\/p>\n<p>Los materiales contenidos en el sitio web son ofrecidos sin garant\u00eda de ning\u00fan tipo, ni expresa ni t\u00e1cita. No ofrecemos garant\u00eda, ni expresa ni t\u00e1cita, incluyendo las garant\u00edas impl\u00edcitas de mercadeo o idoneidad para un prop\u00f3sito particular.<br \/>\nNo garantizamos que las funciones contenidas en el sitio web sean ininterrumpidas ni libres de error, ni que los errores ser\u00e1n corregidos o que el sitio web o el servidor que los ofrece est\u00e9 libre de virus u otros componentes da\u00f1osos.<br \/>\nNo asumimos responsabilidad en relaci\u00f3n con el uso o los resultados del uso de los servicios o materiales en este sitio web en el sentido en que sean correctos, confiables, exactos. Usted asume el costo total de todos los servicios, reparaci\u00f3n o arreglos de su sistema.<\/p>\n<p>&nbsp;<\/p>\n<p>Puede ser que la ley aplicable no permita la exclusi\u00f3n de las garant\u00edas impl\u00edcitas, por lo que lo dispuesto en el p\u00e1rrafo anterior, podr\u00eda no ser aplicable a usted.<\/p>\n<p>&nbsp;<\/p>\n<h3>Limitaci\u00f3n de responsabilidad<\/h3>\n<p>&nbsp;<\/p>\n<p>Bajo ninguna circunstancia, incluida pero no limitada la negligencia, responderemos por da\u00f1os resultantes del uso de, o la imposibilidad de usar, los materiales contenidos en el sitio web o cualquier producto o servicio ofrecido por el sitio web, incluso si se advirti\u00f3 la posibilidad de tales da\u00f1os. Puede ser que la ley aplicable no permita la limitaci\u00f3n o exclusi\u00f3n de responsabilidad por da\u00f1os causados (incluyendo si limitar p\u00e9rdida de datos), por lo que la limitaci\u00f3n o exclusi\u00f3n descrita puede no ser aplicable a usted. En ning\u00fan caso, nuestra responsabilidad frente a usted o sus licenciantes o proveedores por todos los da\u00f1os, p\u00e9rdidas y causas de acciones legales (contractuales o extracontractuales) exceder\u00e1 la cantidad pagada por usted a nosotros, de ser el caso, por el acceso al sitio web.<\/p>\n<p>&nbsp;<\/p>\n<h3>Privacy policy<\/h3>\n<p>&nbsp;<\/p>\n<p>Estamos comprometidos con la protecci\u00f3n de su privacidad y seguridad y hemos explicado en detalle los pasos que seguimos para hacerlo. Le solicitamos proceda a leer nuestra Pol\u00edtica de Privacidad aqu\u00ed incluida.<\/p>\n<p>&nbsp;<\/p>\n<h3>Indemnidad<\/h3>\n<p>&nbsp;<\/p>\n<p>Usted est\u00e1 de acuerdo en defender, indemnizar y mantener indemne a Team Foods Colombia S.A., sus socios, empleados, directores, agentes, contratistas frente a cualquier pleito, da\u00f1o, obligaci\u00f3n, p\u00e9rdida, responsabilidad, costos o deudas y expensas (incluyendo pero no limitado a gastos de abogados) resultantes de: (i) cualquier incumplimiento de estos t\u00e9rminos y condiciones, (ii) sus contenidos y materiales, (iii) el uso que usted realice de materiales o presentaciones disponibles en el sitio web (excepto el alcance del reclamo basado en la infracci\u00f3n de un derecho de un tercero por los materiales creados por nosotros) o (iv) la violaci\u00f3n de cualquier ley o t\u00e9rminos contractuales a los que usted se encuentre sujeto.<\/p>\n<p>&nbsp;<\/p>\n<h3>Aspectos Jurisdiccionales<\/h3>\n<p>&nbsp;<\/p>\n<p>Nosotros controlamos y operamos este sitio web desde nuestras oficinas en Colombia. No garantizamos que los materiales contenidos en el sitio web sean apropiados o disponibles para ser usados en otros sitios. Quienes escogen acceder a este sitio web desde otros lugares, lo hacen por su propia iniciativa, y son responsables por el cumplimiento de las leyes locales, y el alcance de las leyes locales que sean aplicables.<\/p>\n<p>&nbsp;<\/p>\n<h3>Varios<\/h3>\n<p>&nbsp;<\/p>\n<p>Estos t\u00e9rminos han sido elaborados de acuerdo con las leyes de Colombia. Usted est\u00e1 de acuerdo en que cualquier acci\u00f3n legal que se derive o se relacione con estos t\u00e9rminos estar\u00e1 sujeta a la justicia ordinaria de Bogot\u00e1 D.C. Si resulta que alguno de estos t\u00e9rminos y condiciones son contrarios a la ley, inv\u00e1lidos o inaplicables por cualquier raz\u00f3n, esa cl\u00e1usula ser\u00e1 considerada separable de los restantes t\u00e9rminos y condiciones y no afectar\u00e1 la validez y eficacia de las dem\u00e1s cl\u00e1usulas. Este es el \u00fanico acuerdo entre usted y nosotros en relaci\u00f3n con el objeto contenido en estos t\u00e9rminos. Este acuerdo podr\u00e1 ser modificado solo publicando los cambios de estos t\u00e9rminos y condiciones, o por un acuerdo suscrito por ambas partes.<\/p>\n<p>&nbsp;<\/p>\n<h3>Actividades Promocionales<\/h3>\n<p>&nbsp;<\/p>\n<p>Todas las actividades promocionales tendientes a impulsar las ventas de los productos de Team Foods Colombia S.A. que sean publicadas en este sitio web se regir\u00e1n, adem\u00e1s, por los T\u00e9rminos y Condiciones que se publicar\u00e1n dentro de esta p\u00e1gina web respecto de cada actividad siempre que se genere cada una de ellas y, deber\u00e1n ser revisados y aceptados por cada uno de los usuarios que pretenda participar en la respectiva actividad promocional.<\/p>\n<p>&nbsp;<\/p>\n<h3>Derechos de autor<\/h3>\n<p>&nbsp;<\/p>\n<p>Algunos materiales pueden estar disponibles a trav\u00e9s de nuestro sitio web sin que intervenga nuestro control. No estamos en la obligaci\u00f3n de revisar los contenidos usados en conexi\u00f3n con el sitio web para la inclusi\u00f3n de contenido ilegal o no permitido. No obstante, nosotros siempre respetamos los derechos de autor de terceros. Es nuestra pol\u00edtica no permitir que materiales conocidos por nosotros que infringen derechos de autor de terceros permanezcan en el sitio web.<\/p>\n<p>&nbsp;<\/p>\n<p>Si usted cree que alg\u00fan material del sitio web infringe derechos de autor de terceros, usted puede enviarnos un aviso escrito que contenga al menos lo siguiente:<\/p>\n<p>&nbsp;<\/p>\n<p>i. Una firma f\u00edsica o electr\u00f3nica de la persona autorizada para actuar en nombre del titular de los derechos que se alegan infringidos.<\/p>\n<p>&nbsp;<\/p>\n<p>ii. Identificaci\u00f3n de la obra que se alega ha sido infringida o si son varias obras que se han infringido en un solo sitio web, una lista representativa de las obras en ese sitio web.<\/p>\n<p>&nbsp;<\/p>\n<p>iii. Identificaci\u00f3n del material del cual se alega est\u00e1 infringiendo o puede ser sujeto de actividades infractoras con el fin de removerlo o acceder a \u00e9l para deshabilitarlo, y la informaci\u00f3n razonablemente suficiente que nos permita ubicar ese material;<\/p>\n<p>&nbsp;<\/p>\n<p>iv. Informaci\u00f3n suficiente que nos permita contactar al reclamante, como direcci\u00f3n, n\u00famero de tel\u00e9fono, y, si es posible un correo electr\u00f3nico en el que pueda ser contactado el reclamante.<\/p>\n<p>&nbsp;<\/p>\n<p>v. Una declaraci\u00f3n de que el reclamante cree de buena fe que el uso de ese material en ese modo no est\u00e1 autorizado por el titular de los derechos de autor, sus agentes o la ley;<\/p>\n<p>&nbsp;<\/p>\n<p>vi. Una declaraci\u00f3n de que la informaci\u00f3n proporcionada es cierta, y so pena de incurrir en el delito de injuria, que la parte reclamante est\u00e1 autorizada para actuar en representaci\u00f3n del titular de un derecho exclusivo que se alega ha sido infringido.<\/p>\n<p>&nbsp;<\/p>\n<p>Todas las infracciones a derechos de autor deben ser enviadas a nuestros agentes designados, tal como se indica a continuaci\u00f3n:<\/p>\n<p>&nbsp;<\/p>\n<p>Team Foods Colombia S.A.<\/p>\n<p>ccenter@teamfoods.com<\/p>\n<p>Bogot\u00e1 D.C., Colombia.<\/p>\n<p>&nbsp;<\/p>\n<p>Es nuestra pol\u00edtica terminar las relaciones comerciales con quienes proporcionan contenidos que repetidamente infringen derechos de autor de terceros.[\/vc_column_text][\/vc_column][\/vc_row]<\/p>","protected":false},"excerpt":{"rendered":"<p>[vc_row css_animation=\u00bb\u00bb row_type=\u00bbrow\u00bb use_row_as_full_screen_section=\u00bbno\u00bb type=\u00bbfull_width\u00bb angled_section=\u00bbno\u00bb text_align=\u00bbleft\u00bb background_image_as_pattern=\u00bbwithout_pattern\u00bb][vc_column][rev_slider slidertitle=\u00bbTerminos de uso de la web\u00bb alias=\u00bbterminos-de-uso-de-la-web\u00bb][\/vc_column][\/vc_row][vc_row css_animation=\u00bb\u00bb row_type=\u00bbrow\u00bb use_row_as_full_screen_section=\u00bbno\u00bb type=\u00bbfull_width\u00bb angled_section=\u00bbno\u00bb text_align=\u00bbleft\u00bb background_image_as_pattern=\u00bbwithout_pattern\u00bb z_index=\u00bb\u00bb][vc_column css=\u00bb.vc_custom_1587405073590{padding-right: 100px !important;padding-bottom: 100px !important;padding-left: 100px !important;}\u00bb][vc_empty_space height=\u00bb45px\u00bb][vc_column_text]Por favor leer los siguientes t\u00e9rminos y condiciones en relaci\u00f3n con el uso adecuado de&#8230;<\/p>","protected":false},"author":21,"featured_media":0,"parent":0,"menu_order":0,"comment_status":"closed","ping_status":"closed","template":"full_width.php","meta":{"rank_math_lock_modified_date":false,"footnotes":""},"class_list":["post-1159","page","type-page","status-publish","hentry"],"_links":{"self":[{"href":"https:\/\/www.albora.co\/en\/wp-json\/wp\/v2\/pages\/1159","targetHints":{"allow":["GET"]}}],"collection":[{"href":"https:\/\/www.albora.co\/en\/wp-json\/wp\/v2\/pages"}],"about":[{"href":"https:\/\/www.albora.co\/en\/wp-json\/wp\/v2\/types\/page"}],"author":[{"embeddable":true,"href":"https:\/\/www.albora.co\/en\/wp-json\/wp\/v2\/users\/21"}],"replies":[{"embeddable":true,"href":"https:\/\/www.albora.co\/en\/wp-json\/wp\/v2\/comments?post=1159"}],"version-history":[{"count":10,"href":"https:\/\/www.albora.co\/en\/wp-json\/wp\/v2\/pages\/1159\/revisions"}],"predecessor-version":[{"id":1343,"href":"https:\/\/www.albora.co\/en\/wp-json\/wp\/v2\/pages\/1159\/revisions\/1343"}],"wp:attachment":[{"href":"https:\/\/www.albora.co\/en\/wp-json\/wp\/v2\/media?parent=1159"}],"curies":[{"name":"wp","href":"https:\/\/api.w.org\/{rel}","templated":true}]}}