{"id":1908,"date":"2022-09-26T12:04:33","date_gmt":"2022-09-26T17:04:33","guid":{"rendered":"https:\/\/www.albora.co\/?page_id=1908"},"modified":"2024-04-10T14:29:09","modified_gmt":"2024-04-10T19:29:09","slug":"portal","status":"publish","type":"page","link":"https:\/\/www.albora.co\/en\/portal\/","title":{"rendered":"Portal"},"content":{"rendered":"<div data-elementor-type=\"wp-page\" data-elementor-id=\"1908\" class=\"elementor elementor-1908\" data-elementor-post-type=\"page\">\n\t\t\t\t\t\t<section class=\"elementor-section elementor-top-section elementor-element elementor-element-a94ab30 elementor-section-full_width elementor-section-height-full elementor-section-stretched elementor-section-height-default elementor-section-items-middle\" data-id=\"a94ab30\" data-element_type=\"section\" data-settings=\"{&quot;stretch_section&quot;:&quot;section-stretched&quot;}\">\n\t\t\t\t\t\t<div class=\"elementor-container elementor-column-gap-no\">\n\t\t\t\t\t<div class=\"elementor-column elementor-col-100 elementor-top-column elementor-element elementor-element-84c79a4\" data-id=\"84c79a4\" data-element_type=\"column\">\n\t\t\t<div class=\"elementor-widget-wrap\">\n\t\t\t\t\t\t\t<\/div>\n\t\t<\/div>\n\t\t\t\t\t<\/div>\n\t\t<\/section>\n\t\t\t\t<section class=\"elementor-section elementor-top-section elementor-element elementor-element-e012af3 elementor-section-stretched elementor-section-boxed elementor-section-height-default elementor-section-height-default\" data-id=\"e012af3\" data-element_type=\"section\" data-settings=\"{&quot;stretch_section&quot;:&quot;section-stretched&quot;,&quot;background_background&quot;:&quot;classic&quot;,&quot;animation&quot;:&quot;none&quot;}\">\n\t\t\t\t\t\t<div class=\"elementor-container elementor-column-gap-default\">\n\t\t\t\t\t<div class=\"elementor-column elementor-col-100 elementor-top-column elementor-element elementor-element-10cc601\" data-id=\"10cc601\" data-element_type=\"column\">\n\t\t\t<div class=\"elementor-widget-wrap elementor-element-populated\">\n\t\t\t\t\t\t<div class=\"elementor-element elementor-element-1767353 intro-text elementor-invisible elementor-widget elementor-widget-text-editor\" data-id=\"1767353\" data-element_type=\"widget\" data-settings=\"{&quot;_animation&quot;:&quot;fadeInUp&quot;}\" data-widget_type=\"text-editor.default\">\n\t\t\t\t<div class=\"elementor-widget-container\">\n\t\t\t\t\t\t\t<p>El <strong>Portal de Innovaci\u00f3n<\/strong>\u00a0de albora\u00ae nace para fomentar la innovaci\u00f3n a trav\u00e9s de la colaboraci\u00f3n entre Alianza Team\u00ae y startups. En el acelerado mundo actual, las empresas deben buscar soluciones fuera de sus muros, y <b>\u00bfqu\u00e9 mejor manera de hacerlo que con personas afines?<\/b><\/p>\t\t\t\t\t\t<\/div>\n\t\t\t\t<\/div>\n\t\t\t\t\t<\/div>\n\t\t<\/div>\n\t\t\t\t\t<\/div>\n\t\t<\/section>\n\t\t\t\t<section class=\"elementor-section elementor-top-section elementor-element elementor-element-61cf75b elementor-section-content-middle elementor-section-stretched elementor-section-boxed elementor-section-height-default elementor-section-height-default\" data-id=\"61cf75b\" data-element_type=\"section\" data-settings=\"{&quot;stretch_section&quot;:&quot;section-stretched&quot;,&quot;background_background&quot;:&quot;classic&quot;}\">\n\t\t\t\t\t\t<div class=\"elementor-container elementor-column-gap-wide\">\n\t\t\t\t\t<div class=\"elementor-column elementor-col-50 elementor-top-column elementor-element elementor-element-3e1c00c elementor-invisible\" data-id=\"3e1c00c\" data-element_type=\"column\" data-settings=\"{&quot;animation&quot;:&quot;fadeInUp&quot;}\">\n\t\t\t<div class=\"elementor-widget-wrap elementor-element-populated\">\n\t\t\t\t\t\t<div class=\"elementor-element elementor-element-1becb2c elementor-widget elementor-widget-image\" data-id=\"1becb2c\" data-element_type=\"widget\" data-widget_type=\"image.default\">\n\t\t\t\t<div class=\"elementor-widget-container\">\n\t\t\t\t\t\t\t\t\t\t\t\t\t<img fetchpriority=\"high\" decoding=\"async\" width=\"837\" height=\"660\" src=\"https:\/\/www.albora.co\/wp-content\/uploads\/2022\/10\/man-smile.png\" class=\"attachment-full size-full wp-image-1944\" alt=\"\" srcset=\"https:\/\/www.albora.co\/wp-content\/uploads\/2022\/10\/man-smile.png 837w, https:\/\/www.albora.co\/wp-content\/uploads\/2022\/10\/man-smile-300x237.png 300w, https:\/\/www.albora.co\/wp-content\/uploads\/2022\/10\/man-smile-768x606.png 768w, https:\/\/www.albora.co\/wp-content\/uploads\/2022\/10\/man-smile-700x552.png 700w\" sizes=\"(max-width: 837px) 100vw, 837px\" \/>\t\t\t\t\t\t\t\t\t\t\t\t\t<\/div>\n\t\t\t\t<\/div>\n\t\t\t\t\t<\/div>\n\t\t<\/div>\n\t\t\t\t<div class=\"elementor-column elementor-col-50 elementor-top-column elementor-element elementor-element-4c9b321 elementor-invisible\" data-id=\"4c9b321\" data-element_type=\"column\" data-settings=\"{&quot;animation&quot;:&quot;fadeInRight&quot;}\">\n\t\t\t<div class=\"elementor-widget-wrap elementor-element-populated\">\n\t\t\t\t\t\t<div class=\"elementor-element elementor-element-ad25392 elementor-widget elementor-widget-heading\" data-id=\"ad25392\" data-element_type=\"widget\" data-widget_type=\"heading.default\">\n\t\t\t\t<div class=\"elementor-widget-container\">\n\t\t\t<h2 class=\"elementor-heading-title elementor-size-default\"><span class=\"text-color-green\">\u00bfPor qu\u00e9 deber\u00eda<\/span> considerar la innovaci\u00f3n abierta?<\/h2>\t\t<\/div>\n\t\t\t\t<\/div>\n\t\t\t\t<div class=\"elementor-element elementor-element-7d636e6 elementor-widget elementor-widget-text-editor\" data-id=\"7d636e6\" data-element_type=\"widget\" data-widget_type=\"text-editor.default\">\n\t\t\t\t<div class=\"elementor-widget-container\">\n\t\t\t\t\t\t\t<h5>Con nuestras herramientas, tecnolog\u00edas y experiencia, nuestra plataforma de innovaci\u00f3n abierta acelera sus proyectos para que formen parte del cambio.\u00a0<\/h5><h5>Creemos que la <strong>colaboraci\u00f3n e innovaci\u00f3n<\/strong> van de la mano para transformar las ideas innovadoras en soluciones revolucionarias.<\/h5>\t\t\t\t\t\t<\/div>\n\t\t\t\t<\/div>\n\t\t\t\t\t<\/div>\n\t\t<\/div>\n\t\t\t\t\t<\/div>\n\t\t<\/section>\n\t\t\t\t<section class=\"elementor-section elementor-top-section elementor-element elementor-element-606d424 elementor-section-height-min-height elementor-section-stretched elementor-section-boxed elementor-section-height-default elementor-section-items-middle\" data-id=\"606d424\" data-element_type=\"section\" data-settings=\"{&quot;stretch_section&quot;:&quot;section-stretched&quot;,&quot;background_background&quot;:&quot;classic&quot;}\">\n\t\t\t\t\t\t<div class=\"elementor-container elementor-column-gap-wider\">\n\t\t\t\t\t<div class=\"elementor-column elementor-col-100 elementor-top-column elementor-element elementor-element-9079bad elementor-invisible\" data-id=\"9079bad\" data-element_type=\"column\" data-settings=\"{&quot;animation&quot;:&quot;fadeIn&quot;}\">\n\t\t\t<div class=\"elementor-widget-wrap elementor-element-populated\">\n\t\t\t\t\t\t<div class=\"elementor-element elementor-element-8d5f71e elementor-invisible elementor-widget elementor-widget-heading\" data-id=\"8d5f71e\" data-element_type=\"widget\" data-settings=\"{&quot;_animation&quot;:&quot;fadeIn&quot;}\" data-widget_type=\"heading.default\">\n\t\t\t\t<div class=\"elementor-widget-container\">\n\t\t\t<h2 class=\"elementor-heading-title elementor-size-default\">RETOS ABIERTOS<\/h2>\t\t<\/div>\n\t\t\t\t<\/div>\n\t\t\t\t<div class=\"elementor-element elementor-element-1e3c31c elementor-widget elementor-widget-image\" data-id=\"1e3c31c\" data-element_type=\"widget\" data-widget_type=\"image.default\">\n\t\t\t\t<div class=\"elementor-widget-container\">\n\t\t\t\t\t\t\t\t\t\t\t\t\t<img decoding=\"async\" width=\"800\" height=\"418\" src=\"https:\/\/www.albora.co\/wp-content\/uploads\/2022\/10\/lets-raise-the-bar.jpg\" class=\"attachment-full size-full wp-image-2044\" alt=\"\" srcset=\"https:\/\/www.albora.co\/wp-content\/uploads\/2022\/10\/lets-raise-the-bar.jpg 800w, https:\/\/www.albora.co\/wp-content\/uploads\/2022\/10\/lets-raise-the-bar-300x157.jpg 300w, https:\/\/www.albora.co\/wp-content\/uploads\/2022\/10\/lets-raise-the-bar-768x401.jpg 768w, https:\/\/www.albora.co\/wp-content\/uploads\/2022\/10\/lets-raise-the-bar-700x366.jpg 700w\" sizes=\"(max-width: 800px) 100vw, 800px\" \/>\t\t\t\t\t\t\t\t\t\t\t\t\t<\/div>\n\t\t\t\t<\/div>\n\t\t\t\t<div class=\"elementor-element elementor-element-31773ee elementor-widget elementor-widget-text-editor\" data-id=\"31773ee\" data-element_type=\"widget\" data-widget_type=\"text-editor.default\">\n\t\t\t\t<div class=\"elementor-widget-container\">\n\t\t\t\t\t\t\t<h4>\u00a0<\/h4><h4>El reto <strong>Let&#8217;s Raise The Bar<\/strong> tiene como objetivo encontrar las startups m\u00e1s disruptivas en la industria del jab\u00f3n, con el objetivo de obtener una materia prima sostenible que ofrezca un producto de buena calidad para sus consumidores<\/h4><p>\u00a0<\/p>\t\t\t\t\t\t<\/div>\n\t\t\t\t<\/div>\n\t\t\t\t<div class=\"elementor-element elementor-element-8b49662 elementor-widget elementor-widget-text-editor\" data-id=\"8b49662\" data-element_type=\"widget\" data-widget_type=\"text-editor.default\">\n\t\t\t\t<div class=\"elementor-widget-container\">\n\t\t\t\t\t\t\t<h4><strong>Let&#8217;s Raise The Bar<\/strong>, con su firme apuesta por la innovaci\u00f3n en el segmento de la industria de los l\u00edpidos, plantea los siguientes retos, centrados principalmente en aplicaciones alternativas de los restos de la industria de los l\u00edpidos y m\u00e1s concretamente en startups y PYMES que ofrecen jabones de alta calidad en:<\/h4><h4>\u00a0<\/h4><h4><strong>COSM\u00c9TICA<\/strong><\/h4><h4><strong>jaboner\u00eda de alta gama aplicado al cuidado personal<\/strong><\/h4><h4><strong><br \/><\/strong><strong>CUIDADO DE MASCOTAS<\/strong><\/h4><h4><strong> productos espec\u00edficos dirigidos al cuidado e higiene de mascotas<\/strong><\/h4><h4><strong><br \/><\/strong><strong>HOGAR <\/strong><\/h4><h4><strong>jaboner\u00eda en productos de limpieza de hogar<\/strong><\/h4><h3>\u00a0<\/h3><h3>\u00a0<\/h3><h3>Si quieres llevar tu proyecto al siguiente nivel<\/h3><p><strong>\u00a0<\/strong><\/p>\t\t\t\t\t\t<\/div>\n\t\t\t\t<\/div>\n\t\t\t\t<div class=\"elementor-element elementor-element-0406f4b elementor-align-center elementor-widget elementor-widget-button\" data-id=\"0406f4b\" data-element_type=\"widget\" data-widget_type=\"button.default\">\n\t\t\t\t<div class=\"elementor-widget-container\">\n\t\t\t\t\t<div class=\"elementor-button-wrapper\">\n\t\t\t<a class=\"elementor-button elementor-button-link elementor-size-lg\" href=\"http:\/\/ecosystem.acceleratorapp.co\/application\/new?program=lets-raise-the-bar\" target=\"_blank\" rel=\"noopener\">\n\t\t\t\t\t\t<span class=\"elementor-button-content-wrapper\">\n\t\t\t\t\t\t\t\t\t<span class=\"elementor-button-text\">REG\u00cdSTRATE AQU\u00cd<\/span>\n\t\t\t\t\t<\/span>\n\t\t\t\t\t<\/a>\n\t\t<\/div>\n\t\t\t\t<\/div>\n\t\t\t\t<\/div>\n\t\t\t\t<div class=\"elementor-element elementor-element-324bb6e elementor-widget elementor-widget-text-editor\" data-id=\"324bb6e\" data-element_type=\"widget\" data-widget_type=\"text-editor.default\">\n\t\t\t\t<div class=\"elementor-widget-container\">\n\t\t\t\t\t\t\t<h3>\u00a0<\/h3><h3>\u00a1\u00a1Tienes hasta el 31 de enero 2023!!<\/h3>\t\t\t\t\t\t<\/div>\n\t\t\t\t<\/div>\n\t\t\t\t<div class=\"elementor-element elementor-element-5202037 elementor-widget elementor-widget-spacer\" data-id=\"5202037\" data-element_type=\"widget\" data-widget_type=\"spacer.default\">\n\t\t\t\t<div class=\"elementor-widget-container\">\n\t\t\t\t\t<div class=\"elementor-spacer\">\n\t\t\t<div class=\"elementor-spacer-inner\"><\/div>\n\t\t<\/div>\n\t\t\t\t<\/div>\n\t\t\t\t<\/div>\n\t\t\t\t<div class=\"elementor-element elementor-element-4aa327a elementor-align-center elementor-widget elementor-widget-button\" data-id=\"4aa327a\" data-element_type=\"widget\" data-widget_type=\"button.default\">\n\t\t\t\t<div class=\"elementor-widget-container\">\n\t\t\t\t\t<div class=\"elementor-button-wrapper\">\n\t\t\t<a class=\"elementor-button elementor-button-link elementor-size-sm\" href=\"https:\/\/www.albora.co\/wp-content\/uploads\/2022\/12\/ATEAM-112922-Bases-de-participacion-Let\u00b4s-Raise-the-Bar_SPA-REV_DEF_1.docx-2.pdf\">\n\t\t\t\t\t\t<span class=\"elementor-button-content-wrapper\">\n\t\t\t\t\t\t\t\t\t<span class=\"elementor-button-text\">BASES LEGALES<\/span>\n\t\t\t\t\t<\/span>\n\t\t\t\t\t<\/a>\n\t\t<\/div>\n\t\t\t\t<\/div>\n\t\t\t\t<\/div>\n\t\t\t\t\t<\/div>\n\t\t<\/div>\n\t\t\t\t\t<\/div>\n\t\t<\/section>\n\t\t\t\t<section class=\"elementor-section elementor-top-section elementor-element elementor-element-3ed78e6 elementor-section-stretched elementor-section-boxed elementor-section-height-default elementor-section-height-default\" data-id=\"3ed78e6\" data-element_type=\"section\" data-settings=\"{&quot;stretch_section&quot;:&quot;section-stretched&quot;}\">\n\t\t\t\t\t\t<div class=\"elementor-container elementor-column-gap-default\">\n\t\t\t\t\t<div class=\"elementor-column elementor-col-100 elementor-top-column elementor-element elementor-element-ed00802\" data-id=\"ed00802\" data-element_type=\"column\">\n\t\t\t<div class=\"elementor-widget-wrap elementor-element-populated\">\n\t\t\t\t\t\t<div class=\"elementor-element elementor-element-8d43714 elementor-invisible elementor-widget elementor-widget-heading\" data-id=\"8d43714\" data-element_type=\"widget\" data-settings=\"{&quot;_animation&quot;:&quot;fadeInUp&quot;}\" data-widget_type=\"heading.default\">\n\t\t\t\t<div class=\"elementor-widget-container\">\n\t\t\t<h2 class=\"elementor-heading-title elementor-size-default\">\u00bfQu\u00e9 recibo si soy seleccionado?<\/h2>\t\t<\/div>\n\t\t\t\t<\/div>\n\t\t\t\t\t<\/div>\n\t\t<\/div>\n\t\t\t\t\t<\/div>\n\t\t<\/section>\n\t\t\t\t<section class=\"elementor-section elementor-top-section elementor-element elementor-element-1ed2383 elementor-section-boxed elementor-section-height-default elementor-section-height-default\" data-id=\"1ed2383\" data-element_type=\"section\">\n\t\t\t\t\t\t<div class=\"elementor-container elementor-column-gap-wide\">\n\t\t\t\t\t<div class=\"elementor-column elementor-col-50 elementor-top-column elementor-element elementor-element-b85cd5b elementor-invisible\" data-id=\"b85cd5b\" data-element_type=\"column\" data-settings=\"{&quot;animation&quot;:&quot;fadeIn&quot;}\">\n\t\t\t<div class=\"elementor-widget-wrap elementor-element-populated\">\n\t\t\t\t\t\t<div class=\"elementor-element elementor-element-ba9c51e elementor-widget elementor-widget-image\" data-id=\"ba9c51e\" data-element_type=\"widget\" data-widget_type=\"image.default\">\n\t\t\t\t<div class=\"elementor-widget-container\">\n\t\t\t\t\t\t\t\t\t\t\t\t\t<img decoding=\"async\" width=\"600\" height=\"400\" src=\"https:\/\/www.albora.co\/wp-content\/uploads\/2022\/10\/oip-benefits-01.jpg\" class=\"attachment-full size-full wp-image-2177\" alt=\"\" srcset=\"https:\/\/www.albora.co\/wp-content\/uploads\/2022\/10\/oip-benefits-01.jpg 600w, https:\/\/www.albora.co\/wp-content\/uploads\/2022\/10\/oip-benefits-01-300x200.jpg 300w\" sizes=\"(max-width: 600px) 100vw, 600px\" \/>\t\t\t\t\t\t\t\t\t\t\t\t\t<\/div>\n\t\t\t\t<\/div>\n\t\t\t\t<div class=\"elementor-element elementor-element-57ed586 oip-img-caption elementor-widget elementor-widget-html\" data-id=\"57ed586\" data-element_type=\"widget\" data-widget_type=\"html.default\">\n\t\t\t\t<div class=\"elementor-widget-container\">\n\t\t\t<h3>Proveedor de materia prima<\/h3>\t\t<\/div>\n\t\t\t\t<\/div>\n\t\t\t\t<div class=\"elementor-element elementor-element-0ddd9f2 elementor-widget elementor-widget-text-editor\" data-id=\"0ddd9f2\" data-element_type=\"widget\" data-widget_type=\"text-editor.default\">\n\t\t\t\t<div class=\"elementor-widget-container\">\n\t\t\t\t\t\t\t<h5>Alianza Team\u00ae se convierte en proveedor de l\u00edpidos necesarios para la elaboraci\u00f3n de l\u00edneas de jaboner\u00eda o similares.<\/h5>\t\t\t\t\t\t<\/div>\n\t\t\t\t<\/div>\n\t\t\t\t\t<\/div>\n\t\t<\/div>\n\t\t\t\t<div class=\"elementor-column elementor-col-50 elementor-top-column elementor-element elementor-element-880e073 elementor-invisible\" data-id=\"880e073\" data-element_type=\"column\" data-settings=\"{&quot;animation&quot;:&quot;fadeIn&quot;}\">\n\t\t\t<div class=\"elementor-widget-wrap elementor-element-populated\">\n\t\t\t\t\t\t<div class=\"elementor-element elementor-element-63c9649 elementor-widget elementor-widget-image\" data-id=\"63c9649\" data-element_type=\"widget\" data-widget_type=\"image.default\">\n\t\t\t\t<div class=\"elementor-widget-container\">\n\t\t\t\t\t\t\t\t\t\t\t\t\t<img loading=\"lazy\" decoding=\"async\" width=\"600\" height=\"400\" src=\"https:\/\/www.albora.co\/wp-content\/uploads\/2022\/10\/oip-benefits-02.jpg\" class=\"attachment-full size-full wp-image-2178\" alt=\"\" srcset=\"https:\/\/www.albora.co\/wp-content\/uploads\/2022\/10\/oip-benefits-02.jpg 600w, https:\/\/www.albora.co\/wp-content\/uploads\/2022\/10\/oip-benefits-02-300x200.jpg 300w\" sizes=\"(max-width: 600px) 100vw, 600px\" \/>\t\t\t\t\t\t\t\t\t\t\t\t\t<\/div>\n\t\t\t\t<\/div>\n\t\t\t\t<div class=\"elementor-element elementor-element-a137e2d oip-img-caption elementor-widget elementor-widget-html\" data-id=\"a137e2d\" data-element_type=\"widget\" data-widget_type=\"html.default\">\n\t\t\t\t<div class=\"elementor-widget-container\">\n\t\t\t<h3>Co-creaci\u00f3n<\/h3>\t\t<\/div>\n\t\t\t\t<\/div>\n\t\t\t\t<div class=\"elementor-element elementor-element-0ca6d31 elementor-widget elementor-widget-text-editor\" data-id=\"0ca6d31\" data-element_type=\"widget\" data-widget_type=\"text-editor.default\">\n\t\t\t\t<div class=\"elementor-widget-container\">\n\t\t\t\t\t\t\t<h5>Colaboraci\u00f3n en el dise\u00f1o y la fabricaci\u00f3n de un determinado producto que, adicionalmente, mejore la generaci\u00f3n de nuevas ideas y permita optimizar los costes gracias al acceso a tecnolog\u00eda y a la oportunidad de un escalado de producto m\u00e1s r\u00e1pido.<\/h5>\t\t\t\t\t\t<\/div>\n\t\t\t\t<\/div>\n\t\t\t\t\t<\/div>\n\t\t<\/div>\n\t\t\t\t\t<\/div>\n\t\t<\/section>\n\t\t\t\t<section class=\"elementor-section elementor-top-section elementor-element elementor-element-9efd5c4 elementor-section-boxed elementor-section-height-default elementor-section-height-default\" data-id=\"9efd5c4\" data-element_type=\"section\">\n\t\t\t\t\t\t<div class=\"elementor-container elementor-column-gap-wide\">\n\t\t\t\t\t<div class=\"elementor-column elementor-col-50 elementor-top-column elementor-element elementor-element-1c568b7 elementor-invisible\" data-id=\"1c568b7\" data-element_type=\"column\" data-settings=\"{&quot;animation&quot;:&quot;fadeIn&quot;}\">\n\t\t\t<div class=\"elementor-widget-wrap elementor-element-populated\">\n\t\t\t\t\t\t<div class=\"elementor-element elementor-element-e5d81ec elementor-widget elementor-widget-image\" data-id=\"e5d81ec\" data-element_type=\"widget\" data-widget_type=\"image.default\">\n\t\t\t\t<div class=\"elementor-widget-container\">\n\t\t\t\t\t\t\t\t\t\t\t\t\t<img loading=\"lazy\" decoding=\"async\" width=\"600\" height=\"400\" src=\"https:\/\/www.albora.co\/wp-content\/uploads\/2022\/10\/oip-benefits-04.jpg\" class=\"attachment-full size-full wp-image-2180\" alt=\"\" srcset=\"https:\/\/www.albora.co\/wp-content\/uploads\/2022\/10\/oip-benefits-04.jpg 600w, https:\/\/www.albora.co\/wp-content\/uploads\/2022\/10\/oip-benefits-04-300x200.jpg 300w\" sizes=\"(max-width: 600px) 100vw, 600px\" \/>\t\t\t\t\t\t\t\t\t\t\t\t\t<\/div>\n\t\t\t\t<\/div>\n\t\t\t\t<div class=\"elementor-element elementor-element-bdd1048 oip-img-caption elementor-widget elementor-widget-html\" data-id=\"bdd1048\" data-element_type=\"widget\" data-widget_type=\"html.default\">\n\t\t\t\t<div class=\"elementor-widget-container\">\n\t\t\t<h3>INVERSI\u00d3N<h3>\t\t<\/div>\n\t\t\t\t<\/div>\n\t\t\t\t<div class=\"elementor-element elementor-element-25d128f elementor-widget elementor-widget-text-editor\" data-id=\"25d128f\" data-element_type=\"widget\" data-widget_type=\"text-editor.default\">\n\t\t\t\t<div class=\"elementor-widget-container\">\n\t\t\t\t\t\t\t<h5 style=\"color: #000000; letter-spacing: normal; text-align: start;\">Y, eventualmente, conseguir una inversi\u00f3n por parte de Alianza Team\u00ae en tu startup.<\/h5>\t\t\t\t\t\t<\/div>\n\t\t\t\t<\/div>\n\t\t\t\t\t<\/div>\n\t\t<\/div>\n\t\t\t\t<div class=\"elementor-column elementor-col-50 elementor-top-column elementor-element elementor-element-ce8ce8a elementor-invisible\" data-id=\"ce8ce8a\" data-element_type=\"column\" data-settings=\"{&quot;animation&quot;:&quot;fadeIn&quot;}\">\n\t\t\t<div class=\"elementor-widget-wrap\">\n\t\t\t\t\t\t\t<\/div>\n\t\t<\/div>\n\t\t\t\t\t<\/div>\n\t\t<\/section>\n\t\t\t\t<section class=\"elementor-section elementor-top-section elementor-element elementor-element-ad938d4 elementor-section-boxed elementor-section-height-default elementor-section-height-default\" data-id=\"ad938d4\" data-element_type=\"section\">\n\t\t\t\t\t\t<div class=\"elementor-container elementor-column-gap-default\">\n\t\t\t\t\t<div class=\"elementor-column elementor-col-100 elementor-top-column elementor-element elementor-element-f5c8eaf\" data-id=\"f5c8eaf\" data-element_type=\"column\">\n\t\t\t<div class=\"elementor-widget-wrap elementor-element-populated\">\n\t\t\t\t\t\t<div class=\"elementor-element elementor-element-9106a64 elementor-align-center elementor-widget elementor-widget-button\" data-id=\"9106a64\" data-element_type=\"widget\" data-widget_type=\"button.default\">\n\t\t\t\t<div class=\"elementor-widget-container\">\n\t\t\t\t\t<div class=\"elementor-button-wrapper\">\n\t\t\t<a class=\"elementor-button elementor-button-link elementor-size-lg\" href=\"http:\/\/ecosystem.acceleratorapp.co\/application\/new?program=lets-raise-the-bar\" target=\"_blank\" rel=\"noopener\">\n\t\t\t\t\t\t<span class=\"elementor-button-content-wrapper\">\n\t\t\t\t\t\t\t\t\t<span class=\"elementor-button-text\">REG\u00cdSTRATE AQU\u00cd<\/span>\n\t\t\t\t\t<\/span>\n\t\t\t\t\t<\/a>\n\t\t<\/div>\n\t\t\t\t<\/div>\n\t\t\t\t<\/div>\n\t\t\t\t\t<\/div>\n\t\t<\/div>\n\t\t\t\t\t<\/div>\n\t\t<\/section>\n\t\t\t\t<\/div>","protected":false},"excerpt":{"rendered":"<p>[rev_slider alias=\u00bblanding\u00bb slidertitle=\u00bbLanding COLalbora\u00bb][\/rev_slider] El Portal de Innovaci\u00f3n\u00a0de albora\u00ae nace para fomentar la innovaci\u00f3n a trav\u00e9s de la colaboraci\u00f3n entre Alianza Team\u00ae y startups. En el acelerado mundo actual, las empresas deben buscar soluciones fuera de sus muros, y \u00bfqu\u00e9 mejor manera de hacerlo que&#8230;<\/p>","protected":false},"author":21,"featured_media":0,"parent":0,"menu_order":0,"comment_status":"closed","ping_status":"closed","template":"","meta":{"rank_math_lock_modified_date":false,"footnotes":""},"class_list":["post-1908","page","type-page","status-publish","hentry"],"_links":{"self":[{"href":"https:\/\/www.albora.co\/en\/wp-json\/wp\/v2\/pages\/1908","targetHints":{"allow":["GET"]}}],"collection":[{"href":"https:\/\/www.albora.co\/en\/wp-json\/wp\/v2\/pages"}],"about":[{"href":"https:\/\/www.albora.co\/en\/wp-json\/wp\/v2\/types\/page"}],"author":[{"embeddable":true,"href":"https:\/\/www.albora.co\/en\/wp-json\/wp\/v2\/users\/21"}],"replies":[{"embeddable":true,"href":"https:\/\/www.albora.co\/en\/wp-json\/wp\/v2\/comments?post=1908"}],"version-history":[{"count":349,"href":"https:\/\/www.albora.co\/en\/wp-json\/wp\/v2\/pages\/1908\/revisions"}],"predecessor-version":[{"id":2889,"href":"https:\/\/www.albora.co\/en\/wp-json\/wp\/v2\/pages\/1908\/revisions\/2889"}],"wp:attachment":[{"href":"https:\/\/www.albora.co\/en\/wp-json\/wp\/v2\/media?parent=1908"}],"curies":[{"name":"wp","href":"https:\/\/api.w.org\/{rel}","templated":true}]}}