{"id":4,"date":"2017-10-18T09:03:18","date_gmt":"2017-10-18T07:03:18","guid":{"rendered":"http:\/\/bridge96.qodeinteractive.com\/?page_id=4"},"modified":"2024-04-10T14:27:57","modified_gmt":"2024-04-10T19:27:57","slug":"inicio","status":"publish","type":"page","link":"https:\/\/www.albora.co\/en\/inicio\/","title":{"rendered":"Inicio"},"content":{"rendered":"<p>[vc_row css_animation=\u00bb\u00bb row_type=\u00bbrow\u00bb use_row_as_full_screen_section=\u00bbno\u00bb type=\u00bbfull_width\u00bb angled_section=\u00bbno\u00bb text_align=\u00bbleft\u00bb background_image_as_pattern=\u00bbwithout_pattern\u00bb][vc_column][rev_slider slidertitle=\u00bbHome\u00bb alias=\u00bbinicio-1&#8243;][\/vc_column][\/vc_row][vc_row css_animation=\u00bb\u00bb row_type=\u00bbrow\u00bb use_row_as_full_screen_section=\u00bbno\u00bb type=\u00bbfull_width\u00bb angled_section=\u00bbno\u00bb text_align=\u00bbcenter\u00bb background_image_as_pattern=\u00bbwithout_pattern\u00bb z_index=\u00bb\u00bb css=\u00bb.vc_custom_1590100801876{margin-right: 1% !important;margin-left: 1% !important;background-color: #ffffff !important;}\u00bb][vc_column width=\u00bb1\/3&#8243;][counter type=\u00bbzero\u00bb box=\u00bbno\u00bb position=\u00bbcenter\u00bb font_weight=\u00bb700&#8243; text_font_weight=\u00bb600&#8243; text_transform=\u00bbnone\u00bb separator=\u00bbno\u00bb digit=\u00bb400&#8243; font_size=\u00bb70&#8243; font_color=\u00bb#00b398&#8243; text=\u00bbCompa\u00f1ias y proyectos evaluados\u00bb text_size=\u00bb20&#8243; text_color=\u00bb#444444&#8243;][vc_column_text]De aceleradoras, incubadoras y centros de investigaci\u00f3n a nivel mundial[\/vc_column_text][\/vc_column][vc_column width=\u00bb1\/3&#8243;][counter type=\u00bbzero\u00bb box=\u00bbno\u00bb position=\u00bbcenter\u00bb font_weight=\u00bb700&#8243; text_font_weight=\u00bb600&#8243; text_transform=\u00bbnone\u00bb separator=\u00bbno\u00bb digit=\u00bb5&#8243; font_size=\u00bb70&#8243; font_color=\u00bb#00b398&#8243; text=\u00bbPilotos y partnerships en conocimiento\u00bb text_size=\u00bb20&#8243; text_color=\u00bb#444444&#8243;][vc_column_text]Con las \u00e1reas y negocios de Alianza Team\u00ae[\/vc_column_text][\/vc_column][vc_column width=\u00bb1\/3&#8243;][counter type=\u00bbzero\u00bb box=\u00bbno\u00bb position=\u00bbcenter\u00bb font_weight=\u00bb700&#8243; text_font_weight=\u00bb600&#8243; text_transform=\u00bbnone\u00bb separator=\u00bbno\u00bb digit=\u00bb2&#8243; font_size=\u00bb70&#8243; font_color=\u00bb#00b398&#8243; text=\u00bbInversiones en conocimiento\u00bb text_size=\u00bb20&#8243; text_color=\u00bb#444444&#8243;][vc_column_text]Por 1,5 m USD para aportar mayor valor a nuestros negocios y grupos objetivo[\/vc_column_text][\/vc_column][\/vc_row][vc_row css_animation=\u00bb\u00bb row_type=\u00bbrow\u00bb use_row_as_full_screen_section=\u00bbno\u00bb type=\u00bbgrid\u00bb angled_section=\u00bbno\u00bb text_align=\u00bbcenter\u00bb background_image_as_pattern=\u00bbwithout_pattern\u00bb z_index=\u00bb\u00bb css=\u00bb.vc_custom_1587135678249{background-color: #ffffff !important;}\u00bb][vc_column][vc_empty_space height=\u00bb30px\u00bb][vc_separator type=\u00bbnormal\u00bb color=\u00bb#efefef\u00bb][\/vc_column][\/vc_row][vc_row css_animation=\u00bb\u00bb row_type=\u00bbrow\u00bb use_row_as_full_screen_section=\u00bbno\u00bb type=\u00bbgrid\u00bb angled_section=\u00bbno\u00bb text_align=\u00bbleft\u00bb background_image_as_pattern=\u00bbwithout_pattern\u00bb css=\u00bb.vc_custom_1587135632656{padding-top: 90px !important;background-color: #ffffff !important;}\u00bb z_index=\u00bb\u00bb][vc_column width=\u00bb1\/2&#8243;][vc_single_image image=\u00bb1362&#8243; img_size=\u00bb400&#215;400&#8243; alignment=\u00bbcenter\u00bb qode_css_animation=\u00bb\u00bb][vc_empty_space height=\u00bb40px\u00bb][\/vc_column][vc_column width=\u00bb1\/2&#8243;][vc_column_text]<\/p>\n<h2>\u00bfQuieres conocer c\u00f3mo es el proceso?<\/h2>\n<p>[\/vc_column_text][vc_empty_space height=\u00bb20px\u00bb][vc_column_text]<strong>albora<\/strong> da comienzo al proceso de inversi\u00f3n o partnership al identificar el fit estrat\u00e9gico de la startup o centro de investigaci\u00f3n con Alianza Team\u00ae[\/vc_column_text][vc_empty_space height=\u00bb40px\u00bb][button target=\u00bb_blank\u00bb hover_type=\u00bbdefault\u00bb text=\u00bbVer m\u00e1s\u00bb link=\u00bbhttps:\/\/albora.co\/quienes-somos\/\u00bb][vc_empty_space height=\u00bb25px\u00bb][\/vc_column][\/vc_row][vc_row css_animation=\u00bb\u00bb row_type=\u00bbrow\u00bb use_row_as_full_screen_section=\u00bbno\u00bb type=\u00bbgrid\u00bb angled_section=\u00bbno\u00bb text_align=\u00bbcenter\u00bb background_image_as_pattern=\u00bbwithout_pattern\u00bb z_index=\u00bb\u00bb css=\u00bb.vc_custom_1587135678249{background-color: #ffffff !important;}\u00bb][vc_column][vc_separator type=\u00bbnormal\u00bb color=\u00bb#efefef\u00bb][vc_empty_space height=\u00bb30px\u00bb][\/vc_column][\/vc_row][vc_row css_animation=\u00bb\u00bb row_type=\u00bbrow\u00bb use_row_as_full_screen_section=\u00bbno\u00bb type=\u00bbgrid\u00bb angled_section=\u00bbno\u00bb text_align=\u00bbcenter\u00bb background_image_as_pattern=\u00bbwithout_pattern\u00bb z_index=\u00bb\u00bb css=\u00bb.vc_custom_1587135678249{background-color: #ffffff !important;}\u00bb][vc_column][vc_column_text]<\/p>\n<h2 style=\"text-align: center;\"><span style=\"color: #00b398;\">C\u00f3mo aplicar<\/span><\/h2>\n<p>[\/vc_column_text][vc_empty_space height=\u00bb55px\u00bb][\/vc_column][\/vc_row][vc_row css_animation=\u00bb\u00bb row_type=\u00bbrow\u00bb use_row_as_full_screen_section=\u00bbno\u00bb type=\u00bbgrid\u00bb angled_section=\u00bbno\u00bb text_align=\u00bbleft\u00bb background_image_as_pattern=\u00bbwithout_pattern\u00bb z_index=\u00bb\u00bb css=\u00bb.vc_custom_1587135689860{background-color: #ffffff !important;}\u00bb][vc_column width=\u00bb1\/3&#8243;][vc_single_image image=\u00bb1371&#8243; img_size=\u00bbfull\u00bb alignment=\u00bbcenter\u00bb qode_css_animation=\u00bb\u00bb][vc_empty_space height=\u00bb40px\u00bb][vc_column_text]<\/p>\n<h3 style=\"text-align: center;\"><span style=\"color: #f2827f;\">1. Postulaci\u00f3n<\/span><\/h3>\n<h2 style=\"text-align: center;\"><\/h2>\n<p>[\/vc_column_text][vc_empty_space height=\u00bb22px\u00bb][vc_column_text]<\/p>\n<p style=\"text-align: center;\">Si tienes una soluci\u00f3n que encaje en alguna de nuestras \u00e1reas de inter\u00e9s, nos gustar\u00eda conocerte.<\/p>\n<p>[\/vc_column_text][vc_empty_space height=\u00bb40px\u00bb][\/vc_column][vc_column width=\u00bb1\/3&#8243;][vc_single_image image=\u00bb1372&#8243; img_size=\u00bbfull\u00bb alignment=\u00bbcenter\u00bb qode_css_animation=\u00bb\u00bb][vc_empty_space height=\u00bb40px\u00bb][vc_column_text]<\/p>\n<h3 style=\"text-align: center;\"><span style=\"color: #00b398;\">2. Presentaci\u00f3n<\/span><\/h3>\n<h2 style=\"text-align: center;\"><\/h2>\n<p>[\/vc_column_text][vc_empty_space height=\u00bb22px\u00bb][vc_column_text]<\/p>\n<p style=\"text-align: center;\">Realizar\u00e1s una presentaci\u00f3n ante el equipo de<strong> albora<\/strong>, comercial y t\u00e9cnico donde validaremos el conocimiento y desarrollo de tu soluci\u00f3n.<\/p>\n<p>[\/vc_column_text][vc_empty_space height=\u00bb40px\u00bb][\/vc_column][vc_column width=\u00bb1\/3&#8243;][vc_single_image image=\u00bb1373&#8243; img_size=\u00bbfull\u00bb alignment=\u00bbcenter\u00bb qode_css_animation=\u00bb\u00bb][vc_empty_space height=\u00bb40px\u00bb][vc_column_text]<\/p>\n<h3 style=\"text-align: center;\"><span style=\"color: #f3d267;\">3. Presentaci\u00f3n al l\u00edder de negocio<\/span><\/h3>\n<h2 style=\"text-align: center;\"><\/h2>\n<p>[\/vc_column_text][vc_empty_space height=\u00bb22px\u00bb][vc_column_text]<\/p>\n<p style=\"text-align: center;\">Presentar\u00e1s ante alguno de los l\u00edderes de negocio de Alianza Team\u00ae para definir el mejor modelo de relacionamiento y validaci\u00f3n de tu soluci\u00f3n.<\/p>\n<p>[\/vc_column_text][vc_empty_space height=\u00bb40px\u00bb][\/vc_column][\/vc_row][vc_row css_animation=\u00bb\u00bb row_type=\u00bbrow\u00bb use_row_as_full_screen_section=\u00bbno\u00bb type=\u00bbgrid\u00bb angled_section=\u00bbno\u00bb text_align=\u00bbleft\u00bb background_image_as_pattern=\u00bbwithout_pattern\u00bb z_index=\u00bb\u00bb css=\u00bb.vc_custom_1587135703772{background-color: #ffffff !important;}\u00bb][vc_column width=\u00bb1\/3&#8243;][vc_single_image image=\u00bb1374&#8243; img_size=\u00bbfull\u00bb alignment=\u00bbcenter\u00bb qode_css_animation=\u00bb\u00bb][vc_empty_space height=\u00bb40px\u00bb][vc_column_text]<\/p>\n<h3 style=\"text-align: center;\"><span style=\"color: #fead6c;\">4. Team Tank<\/span><\/h3>\n<h2 style=\"text-align: center;\"><\/h2>\n<p>[\/vc_column_text][vc_empty_space height=\u00bb22px\u00bb][vc_column_text]<\/p>\n<p style=\"text-align: center;\">Presentar\u00e1s ante nuestro comit\u00e9 de inversiones donde evaluaremos el potencial de tu startup o proyecto, y como el conocimiento potencia a Alianza Team\u00ae.<\/p>\n<h2 style=\"text-align: center;\"><\/h2>\n<p>[\/vc_column_text][vc_empty_space height=\u00bb40px\u00bb][\/vc_column][vc_column width=\u00bb1\/3&#8243;][vc_single_image image=\u00bb1375&#8243; img_size=\u00bbfull\u00bb alignment=\u00bbcenter\u00bb qode_css_animation=\u00bb\u00bb][vc_empty_space height=\u00bb40px\u00bb][vc_column_text]<\/p>\n<h3 style=\"text-align: center;\"><span style=\"color: #f2827f;\">5. Inversi\u00f3n<\/span><\/h3>\n<h2 style=\"text-align: center;\"><\/h2>\n<p>[\/vc_column_text][vc_empty_space height=\u00bb22px\u00bb][vc_column_text]<\/p>\n<p style=\"text-align: center;\">Definiremos el veh\u00edculo de inversi\u00f3n que m\u00e1s se adecue a tu startup o proyecto.<\/p>\n<p>[\/vc_column_text][vc_empty_space height=\u00bb40px\u00bb][\/vc_column][vc_column width=\u00bb1\/3&#8243;][vc_single_image image=\u00bb1376&#8243; img_size=\u00bbfull\u00bb alignment=\u00bbcenter\u00bb qode_css_animation=\u00bb\u00bb][vc_empty_space height=\u00bb40px\u00bb][vc_column_text]<\/p>\n<h3 style=\"text-align: center;\"><span style=\"color: #00b398;\">6. Seguimiento<\/span><\/h3>\n<h2 style=\"text-align: center;\"><\/h2>\n<p>[\/vc_column_text][vc_empty_space height=\u00bb22px\u00bb][vc_column_text]<\/p>\n<p style=\"text-align: center;\">Realizaremos un seguimiento a la integraci\u00f3n con los negocios de Alianza Team\u00ae y el desempe\u00f1o del plan de inversi\u00f3n a ejecutar.<\/p>\n<p>[\/vc_column_text][vc_empty_space height=\u00bb40px\u00bb][\/vc_column][\/vc_row][vc_row css_animation=\u00bb\u00bb row_type=\u00bbrow\u00bb use_row_as_full_screen_section=\u00bbno\u00bb type=\u00bbgrid\u00bb angled_section=\u00bbno\u00bb text_align=\u00bbcenter\u00bb background_image_as_pattern=\u00bbwithout_pattern\u00bb z_index=\u00bb\u00bb css=\u00bb.vc_custom_1587135678249{background-color: #ffffff !important;}\u00bb][vc_column][vc_separator type=\u00bbnormal\u00bb color=\u00bb#efefef\u00bb][vc_empty_space height=\u00bb30px\u00bb][\/vc_column][\/vc_row][vc_row css_animation=\u00bb\u00bb row_type=\u00bbrow\u00bb use_row_as_full_screen_section=\u00bbno\u00bb type=\u00bbgrid\u00bb angled_section=\u00bbno\u00bb text_align=\u00bbcenter\u00bb background_image_as_pattern=\u00bbwithout_pattern\u00bb z_index=\u00bb\u00bb css=\u00bb.vc_custom_1587135678249{background-color: #ffffff !important;}\u00bb][vc_column][vc_column_text]<\/p>\n<h2 style=\"text-align: center;\">Propuesta de valor a los emprendedores<\/h2>\n<p>[\/vc_column_text][vc_empty_space height=\u00bb55px\u00bb][\/vc_column][\/vc_row][vc_row css_animation=\u00bb\u00bb row_type=\u00bbrow\u00bb use_row_as_full_screen_section=\u00bbno\u00bb type=\u00bbgrid\u00bb angled_section=\u00bbno\u00bb text_align=\u00bbleft\u00bb background_image_as_pattern=\u00bbwithout_pattern\u00bb z_index=\u00bb\u00bb css=\u00bb.vc_custom_1587135703772{background-color: #ffffff !important;}\u00bb][vc_column width=\u00bb1\/4&#8243;][vc_single_image image=\u00bb1363&#8243; img_size=\u00bbfull\u00bb alignment=\u00bbcenter\u00bb qode_css_animation=\u00bb\u00bb][vc_empty_space height=\u00bb20px\u00bb][vc_column_text]<\/p>\n<p style=\"text-align: center;\">Equipos de desarrollo en<br \/>\nlaboratorios qu\u00edmicos,<br \/>\nsensoriales y log\u00edsticos<\/p>\n<p>[\/vc_column_text][vc_empty_space height=\u00bb40px\u00bb][\/vc_column][vc_column width=\u00bb1\/4&#8243;][vc_single_image image=\u00bb1364&#8243; img_size=\u00bbfull\u00bb alignment=\u00bbcenter\u00bb qode_css_animation=\u00bb\u00bb][vc_empty_space height=\u00bb20px\u00bb][vc_column_text]<\/p>\n<p style=\"text-align: center;\">Aplicaci\u00f3n a la industria<br \/>\npara validaci\u00f3n de<br \/>\nescalabilidad de soluci\u00f3n<\/p>\n<p>[\/vc_column_text][vc_empty_space height=\u00bb40px\u00bb][\/vc_column][vc_column width=\u00bb1\/4&#8243;][vc_single_image image=\u00bb1365&#8243; img_size=\u00bbfull\u00bb alignment=\u00bbcenter\u00bb qode_css_animation=\u00bb\u00bb][vc_empty_space height=\u00bb20px\u00bb][vc_column_text]<\/p>\n<p style=\"text-align: center;\">Alto conocimiento<br \/>\nregulatorio para validaci\u00f3n<br \/>\ncon consumidor fina<\/p>\n<p>[\/vc_column_text][vc_empty_space height=\u00bb40px\u00bb][\/vc_column][vc_column width=\u00bb1\/4&#8243;][vc_single_image image=\u00bb1366&#8243; img_size=\u00bbfull\u00bb alignment=\u00bbcenter\u00bb qode_css_animation=\u00bb\u00bb][vc_empty_space height=\u00bb20px\u00bb][vc_column_text]<\/p>\n<p style=\"text-align: center;\">Capacidad instalada de<br \/>\nplantas piloto en pa\u00edses de<br \/>\noperaci\u00f3n<\/p>\n<p>[\/vc_column_text][vc_empty_space height=\u00bb40px\u00bb][\/vc_column][\/vc_row][vc_row css_animation=\u00bb\u00bb row_type=\u00bbrow\u00bb use_row_as_full_screen_section=\u00bbno\u00bb type=\u00bbgrid\u00bb angled_section=\u00bbno\u00bb text_align=\u00bbleft\u00bb background_image_as_pattern=\u00bbwithout_pattern\u00bb z_index=\u00bb\u00bb css=\u00bb.vc_custom_1587135703772{background-color: #ffffff !important;}\u00bb][vc_column width=\u00bb1\/4&#8243;][vc_single_image image=\u00bb1367&#8243; img_size=\u00bbfull\u00bb alignment=\u00bbcenter\u00bb qode_css_animation=\u00bb\u00bb][vc_empty_space height=\u00bb20px\u00bb][vc_column_text]<\/p>\n<p style=\"text-align: center;\">Alto conocimiento de<br \/>\ntendencias de mercado y<br \/>\nconsumidor<\/p>\n<p>[\/vc_column_text][vc_empty_space height=\u00bb65px\u00bb][\/vc_column][vc_column width=\u00bb1\/4&#8243;][vc_single_image image=\u00bb1368&#8243; img_size=\u00bbfull\u00bb alignment=\u00bbcenter\u00bb qode_css_animation=\u00bb\u00bb][vc_empty_space height=\u00bb20px\u00bb][vc_column_text]<\/p>\n<p style=\"text-align: center;\">Acompa\u00f1amiento del<br \/>\nequipo de albora para dar<br \/>\nagilidad y conectarlos con<br \/>\nla organizaci\u00f3n<\/p>\n<p>[\/vc_column_text][vc_empty_space height=\u00bb65px\u00bb][\/vc_column][vc_column width=\u00bb1\/4&#8243;][vc_single_image image=\u00bb1369&#8243; img_size=\u00bbfull\u00bb alignment=\u00bbcenter\u00bb qode_css_animation=\u00bb\u00bb][vc_empty_space height=\u00bb20px\u00bb][vc_column_text]<\/p>\n<p style=\"text-align: center;\">Asesor\u00eda de visi\u00f3n<br \/>\nestrat\u00e9gica por parte de<br \/>\nlos l\u00edderes de negocio y<br \/>\n\u00e1reas<\/p>\n<p>[\/vc_column_text][vc_empty_space height=\u00bb65px\u00bb][\/vc_column][vc_column width=\u00bb1\/4&#8243;][vc_single_image image=\u00bb1370&#8243; img_size=\u00bbfull\u00bb alignment=\u00bbcenter\u00bb qode_css_animation=\u00bb\u00bb][vc_empty_space height=\u00bb20px\u00bb][vc_column_text]<\/p>\n<p style=\"text-align: center;\">Estructuraci\u00f3n del mejor<br \/>\nveh\u00edculo de inversi\u00f3n para<br \/>\nla integraci\u00f3n con Alianza<br \/>\nTeam\u00ae<\/p>\n<p>[\/vc_column_text][vc_empty_space height=\u00bb65px\u00bb][\/vc_column][\/vc_row][vc_row css_animation=\u00bb\u00bb row_type=\u00bbrow\u00bb use_row_as_full_screen_section=\u00bbno\u00bb type=\u00bbfull_width\u00bb angled_section=\u00bbno\u00bb text_align=\u00bbcenter\u00bb background_image_as_pattern=\u00bbwithout_pattern\u00bb z_index=\u00bb\u00bb css=\u00bb.vc_custom_1598995440529{background-color: #ffffff !important;}\u00bb][vc_column][vc_empty_space height=\u00bb45px\u00bb][action full_width=\u00bbyes\u00bb content_in_grid=\u00bbyes\u00bb type=\u00bbnormal\u00bb text_font_weight=\u00bb400&#8243; show_button=\u00bbyes\u00bb button_size=\u00bbbig_large\u00bb background_color=\u00bb#f2827f\u00bb text_letter_spacing=\u00bb2&#8243; button_text=\u00bbHaz Clic\u00bb button_link=\u00bbhttps:\/\/www.albora.co\/contacto\/\u00bb button_text_color=\u00bb#00b398&#8243; button_hover_text_color=\u00bb#00b398&#8243; button_background_color=\u00bb#ffffff\u00bb button_hover_background_color=\u00bb#ffffff\u00bb button_border_color=\u00bb#ffffff\u00bb button_hover_border_color=\u00bb#00b398&#8243;]<\/p>\n<h4 style=\"text-align: left;\">POSTULA TU PROYECTO<\/h4>\n<p>[\/action][vc_empty_space height=\u00bb30px\u00bb][\/vc_column][\/vc_row][vc_row css_animation=\u00bb\u00bb row_type=\u00bbrow\u00bb use_row_as_full_screen_section=\u00bbno\u00bb type=\u00bbgrid\u00bb angled_section=\u00bbno\u00bb text_align=\u00bbcenter\u00bb background_image_as_pattern=\u00bbwithout_pattern\u00bb z_index=\u00bb\u00bb css=\u00bb.vc_custom_1587135678249{background-color: #ffffff !important;}\u00bb][vc_column][vc_empty_space height=\u00bb30px\u00bb][\/vc_column][\/vc_row][vc_row css_animation=\u00bb\u00bb row_type=\u00bbrow\u00bb use_row_as_full_screen_section=\u00bbno\u00bb type=\u00bbfull_width\u00bb angled_section=\u00bbno\u00bb text_align=\u00bbleft\u00bb background_image_as_pattern=\u00bbwithout_pattern\u00bb][vc_column offset=\u00bbvc_hidden-lg vc_hidden-md vc_hidden-sm vc_hidden-xs\u00bb][vc_widget_sidebar sidebar_id=\u00bbBoton Postulate\u00bb][\/vc_column][\/vc_row]<\/p>","protected":false},"excerpt":{"rendered":"<p>[vc_row css_animation=\u00bb\u00bb row_type=\u00bbrow\u00bb use_row_as_full_screen_section=\u00bbno\u00bb type=\u00bbfull_width\u00bb angled_section=\u00bbno\u00bb text_align=\u00bbleft\u00bb background_image_as_pattern=\u00bbwithout_pattern\u00bb][vc_column][rev_slider slidertitle=\u00bbHome\u00bb alias=\u00bbinicio-1&#8243;][\/vc_column][\/vc_row][vc_row css_animation=\u00bb\u00bb row_type=\u00bbrow\u00bb use_row_as_full_screen_section=\u00bbno\u00bb type=\u00bbfull_width\u00bb angled_section=\u00bbno\u00bb text_align=\u00bbcenter\u00bb background_image_as_pattern=\u00bbwithout_pattern\u00bb z_index=\u00bb\u00bb css=\u00bb.vc_custom_1590100801876{margin-right: 1% !important;margin-left: 1% !important;background-color: #ffffff !important;}\u00bb][vc_column width=\u00bb1\/3&#8243;][counter type=\u00bbzero\u00bb box=\u00bbno\u00bb position=\u00bbcenter\u00bb font_weight=\u00bb700&#8243; text_font_weight=\u00bb600&#8243; text_transform=\u00bbnone\u00bb separator=\u00bbno\u00bb digit=\u00bb400&#8243; font_size=\u00bb70&#8243; font_color=\u00bb#00b398&#8243; text=\u00bbCompa\u00f1ias y proyectos evaluados\u00bb text_size=\u00bb20&#8243; text_color=\u00bb#444444&#8243;][vc_column_text]De aceleradoras, incubadoras y&#8230;<\/p>","protected":false},"author":21,"featured_media":0,"parent":0,"menu_order":0,"comment_status":"closed","ping_status":"closed","template":"full_width.php","meta":{"rank_math_lock_modified_date":false,"footnotes":""},"class_list":["post-4","page","type-page","status-publish","hentry"],"_links":{"self":[{"href":"https:\/\/www.albora.co\/en\/wp-json\/wp\/v2\/pages\/4","targetHints":{"allow":["GET"]}}],"collection":[{"href":"https:\/\/www.albora.co\/en\/wp-json\/wp\/v2\/pages"}],"about":[{"href":"https:\/\/www.albora.co\/en\/wp-json\/wp\/v2\/types\/page"}],"author":[{"embeddable":true,"href":"https:\/\/www.albora.co\/en\/wp-json\/wp\/v2\/users\/21"}],"replies":[{"embeddable":true,"href":"https:\/\/www.albora.co\/en\/wp-json\/wp\/v2\/comments?post=4"}],"version-history":[{"count":114,"href":"https:\/\/www.albora.co\/en\/wp-json\/wp\/v2\/pages\/4\/revisions"}],"predecessor-version":[{"id":2370,"href":"https:\/\/www.albora.co\/en\/wp-json\/wp\/v2\/pages\/4\/revisions\/2370"}],"wp:attachment":[{"href":"https:\/\/www.albora.co\/en\/wp-json\/wp\/v2\/media?parent=4"}],"curies":[{"name":"wp","href":"https:\/\/api.w.org\/{rel}","templated":true}]}}