{"id":888,"date":"2020-04-17T02:11:01","date_gmt":"2020-04-17T00:11:01","guid":{"rendered":"https:\/\/albora.co\/?page_id=888"},"modified":"2024-04-10T14:27:59","modified_gmt":"2024-04-10T19:27:59","slug":"mitos-y-preguntas-frecuentes","status":"publish","type":"page","link":"https:\/\/www.albora.co\/en\/mitos-y-preguntas-frecuentes\/","title":{"rendered":"Mitos y preguntas frecuentes"},"content":{"rendered":"<p>[vc_row css_animation=\u00bb\u00bb row_type=\u00bbrow\u00bb use_row_as_full_screen_section=\u00bbno\u00bb type=\u00bbfull_width\u00bb angled_section=\u00bbno\u00bb text_align=\u00bbleft\u00bb background_image_as_pattern=\u00bbwithout_pattern\u00bb][vc_column][rev_slider slidertitle=\u00bbPreguntas\u00bb alias=\u00bbpreguntas-frecuentes\u00bb][\/vc_column][\/vc_row][vc_row css_animation=\u00bb\u00bb row_type=\u00bbrow\u00bb use_row_as_full_screen_section=\u00bbno\u00bb type=\u00bbgrid\u00bb angled_section=\u00bbno\u00bb text_align=\u00bbcenter\u00bb background_image_as_pattern=\u00bbwithout_pattern\u00bb z_index=\u00bb\u00bb][vc_column][vc_empty_space height=\u00bb60px\u00bb][vc_column_text]<\/p>\n<h2><span style=\"color: #ffc63d;\">Mitos y Preguntas Frecuentes<\/span><\/h2>\n<p>[\/vc_column_text][\/vc_column][\/vc_row][vc_row css_animation=\u00bb\u00bb row_type=\u00bbrow\u00bb use_row_as_full_screen_section=\u00bbno\u00bb type=\u00bbgrid\u00bb angled_section=\u00bbno\u00bb text_align=\u00bbleft\u00bb background_image_as_pattern=\u00bbwithout_pattern\u00bb css=\u00bb.vc_custom_1587087033337{padding-top: 60px !important;padding-bottom: 60px !important;}\u00bb z_index=\u00bb\u00bb][vc_column offset=\u00bbvc_col-lg-4 vc_col-md-4 vc_col-xs-12&#8243;][vc_single_image image=\u00bb1362&#8243; img_size=\u00bbfull\u00bb qode_css_animation=\u00bb\u00bb][vc_empty_space height=\u00bb40px\u00bb][\/vc_column][vc_column offset=\u00bbvc_col-lg-8 vc_col-md-8 vc_col-xs-12&#8243;][qode_accordion][qode_accordion_tab title=\u00bbQue es albora\u00ae?\u00bb title_tag=\u00bbh4&#8243; icon_pack=\u00bbfont_awesome\u00bb icon=\u00bbfa-bolt\u00bb][vc_column_text]albora\u00ae es el Fondo de Capital Privado Corporativo de Alianza Team\u00ae que busca generar modelos de relacionamiento con disruptores de la industria de alimentos para integrarlos al ecosistema de innovaci\u00f3n de Alianza Team\u00ae[\/vc_column_text][\/qode_accordion_tab][qode_accordion_tab title=\u00bbCuantos retos existen?\u00bb title_tag=\u00bbh4&#8243; icon_pack=\u00bbfont_awesome\u00bb icon=\u00bbfa-bolt\u00bb][vc_column_text]Los retos a las 4 plataformas las publicamos solamente en el momento que abra la convocatoria de esa plataforma. Las cuatro plataformas que tenemos son: Food Tech, Empaques, Trazabilidad y Omnicanalidad[\/vc_column_text][\/qode_accordion_tab][qode_accordion_tab title=\u00bbQue es Alianza Team\u00ae?\u00bb title_tag=\u00bbh4&#8243; icon_pack=\u00bbfont_awesome\u00bb icon=\u00bbfa-bolt\u00bb][vc_column_text]Es una organizaci\u00f3n multilatina, lider en el sector de los l\u00edpidos, nutrici\u00f3n y panader\u00eda congelada, que busca contribuir, desde su experiencia, a Alimentar un mejor ma\u00f1ana con soluciones de valor que generen un impacto positivo en nuestros clientes y consumidores y en nuestro entorno. En el siguiente link puedes conocernos a mayor profundidad <a href=\"https:\/\/alianzateam.com\/\" target=\"_blank\" rel=\"noopener\">https:\/\/alianzateam.com\/<\/a>[\/vc_column_text][\/qode_accordion_tab][qode_accordion_tab title=\u00bbDonde me puedo registrar?\u00bb title_tag=\u00bbh4&#8243; icon_pack=\u00bbfont_awesome\u00bb icon=\u00bbfa-bolt\u00bb][vc_column_text]En nuestra pagina web <a href=\"https:\/\/www.albora.co\/en\/\" target=\"_blank\" rel=\"noopener\">albora.co<\/a> puedes registrarte en el formulario donde evaluaremos tu emprendimiento y te daremos una respuesta con pr\u00f3ximos pasos[\/vc_column_text][\/qode_accordion_tab][qode_accordion_tab title=\u00bbDe donde deben ser los equipos?\u00bb title_tag=\u00bbh4&#8243; icon_pack=\u00bbfont_awesome\u00bb icon=\u00bbfa-bolt\u00bb][vc_column_text]Los equipos pueden ser de cualquier pa\u00eds.[\/vc_column_text][\/qode_accordion_tab][qode_accordion_tab title=\u00bbEn qu\u00e9 etapa deben estar los emprendedores para registrarse?\u00bb title_tag=\u00bbh4&#8243; icon_pack=\u00bbfont_awesome\u00bb icon=\u00bbfa-bolt\u00bb][vc_column_text]<span data-sheets-value=\"{&quot;1&quot;:2,&quot;2&quot;:&quot;No seleccionamos los proyectos seg\u00fan su etapa, en albora evaluamos el potencial de implementar tecnolog\u00edas o conocimiento dentro de Alianza Team. As\u00ed que si tienes una soluci\u00f3n disruptiva que pueda cambiar el status quo de la industria de alimentos, albora es el fondo que puede aportar mayor valor a tu proyecto.&quot;}\" data-sheets-userformat=\"{&quot;2&quot;:769,&quot;3&quot;:{&quot;1&quot;:0},&quot;11&quot;:4,&quot;12&quot;:0}\">No seleccionamos los proyectos seg\u00fan su etapa, en albora\u00ae evaluamos el potencial de implementar tecnolog\u00edas o conocimiento dentro de Alianza Team\u00ae. As\u00ed que si tienes una soluci\u00f3n disruptiva que pueda cambiar el status quo de la industria de alimentos, albora\u00ae es el fondo que puede aportar mayor valor a tu proyecto.<\/span>[\/vc_column_text][\/qode_accordion_tab][qode_accordion_tab title=\u00bb\u00bfCantidad m\u00ednima de emprendedores por proyecto?\u00bb title_tag=\u00bbh4&#8243; icon_pack=\u00bbfont_awesome\u00bb icon=\u00bbfa-bolt\u00bb][vc_column_text]Un emprendimiento debe tener m\u00ednimo 2 co-fundadores[\/vc_column_text][\/qode_accordion_tab][qode_accordion_tab title=\u00bbCantidad m\u00ednima de emprendedores por proyecto?\u00bb title_tag=\u00bbh4&#8243; icon_pack=\u00bbfont_awesome\u00bb icon=\u00bbfa-bolt\u00bb][vc_column_text]Un emprendimiento debe tener m\u00ednimo 2 co-fundadores[\/vc_column_text][\/qode_accordion_tab][qode_accordion_tab title=\u00bbMe registre, ahora que?\u00bb title_tag=\u00bbh4&#8243; icon_pack=\u00bbfont_awesome\u00bb icon=\u00bbfa-bolt\u00bb][vc_column_text]Pronto te daremos respuesta! Nosotros el emprendimiento m\u00e1s all\u00e1 del formulario que llenaste para poder tener un criterio solido, por lo tanto puede demorarse m\u00e1s de un dia en que obtengas la respuesta.[\/vc_column_text][\/qode_accordion_tab][qode_accordion_tab title=\u00bbCual es proceso?\u00bb title_tag=\u00bbh4&#8243; icon_pack=\u00bbfont_awesome\u00bb icon=\u00bbfa-bolt\u00bb][vc_column_text]Los emprendedores interesados en el programa se postulan a la convocatoria abierta o en el formulario. Al recibir la informaci\u00f3n del emprendimiento, se eval\u00faa fit con el programa, fit estrat\u00e9gico con Alianza Team\u00ae. Despues se hace una reuni\u00f3n con los expertos de Alianza Team\u00ae y los emprendedores para evaluar posibles caminos de trabajo para poder crear la propuesta de inversi\u00f3n o partnership. Al ser aprobada esta propuesta por los emprendedores hacemos un due dilligence y seguimos adelante con la inversi\u00f3n de capital inteligente.[\/vc_column_text][\/qode_accordion_tab][qode_accordion_tab title=\u00bbQu\u00e9 informaci\u00f3n requieren para registrarse?\u00bb title_tag=\u00bbh4&#8243; icon_pack=\u00bbfont_awesome\u00bb icon=\u00bbfa-bolt\u00bb][vc_column_text]Inicialmente solicitamos \u00fanicamente una breve descripcion del emprendimiento, el equipo emprendedor y un contacto.[\/vc_column_text][\/qode_accordion_tab][qode_accordion_tab title=\u00bbCuales son los criterios de evaluaci\u00f3n?\u00bb title_tag=\u00bbh4&#8243; icon_pack=\u00bbfont_awesome\u00bb icon=\u00bbfa-bolt\u00bb][vc_column_text]En albora\u00ae evaluamos que los proque los proyectos tengan un componente l\u00edpidico ,el equipo emprendedor, el modelo de negocio, los unit economics, el fit estrat\u00e9gico con Alianza Team\u00ae y la visi\u00f3n a largo plazo del emprendimiento.[\/vc_column_text][\/qode_accordion_tab][qode_accordion_tab title=\u00bbCual es el valor de inversi\u00f3n?\u00bb title_tag=\u00bbh4&#8243; icon_pack=\u00bbfont_awesome\u00bb icon=\u00bbfa-bolt\u00bb][vc_column_text]En albora\u00ae invertimos entre 500 mil a 1 millon de dolares.[\/vc_column_text][\/qode_accordion_tab][qode_accordion_tab title=\u00bbCual es la diferencia entre albora\u00ae y otros programas?\u00bb title_tag=\u00bbh4&#8243; icon_pack=\u00bbfont_awesome\u00bb icon=\u00bbfa-bolt\u00bb][vc_column_text]albora\u00ae esta comprometido con una integraci\u00f3n entre el proyecto y las unidades de negocio de Alianza Team\u00ae, por lo que el equipo de albora\u00ae estructurar\u00e1 los mejores mecanismos de colaboraci\u00f3n y crecimiento para que los emprendedores puedan crecer con nuestra organizaci\u00f3n[\/vc_column_text][\/qode_accordion_tab][qode_accordion_tab title=\u00bbQue debe tener el equipo que obtenga la inversi\u00f3n?\u00bb title_tag=\u00bbh4&#8243; icon_pack=\u00bbfont_awesome\u00bb icon=\u00bbfa-bolt\u00bb][vc_column_text]El equipo con fortalezas complementarias es clave el valor que cada proyecto puede tener varia entre tecnolog\u00eda disruptiva hasta conocimiento de mercado.[\/vc_column_text][\/qode_accordion_tab][qode_accordion_tab title=\u00bbQuien va a tener la propiedad intelectual de mi proyecto?\u00bb title_tag=\u00bbh4&#8243; icon_pack=\u00bbfont_awesome\u00bb icon=\u00bbfa-bolt\u00bb][vc_column_text]Las inversiones que hace albora\u00ae en los emprendimientos son minoritarias y todo proyecto en el cual se trabaja en conjunto los t\u00e9rminos y condiciones se definen y firman previamente.[\/vc_column_text][\/qode_accordion_tab][qode_accordion_tab title=\u00bbQuien va a ser el accionista de mi proyecto?\u00bb title_tag=\u00bbh4&#8243; icon_pack=\u00bbfont_awesome\u00bb icon=\u00bbfa-bolt\u00bb][vc_column_text]albora\u00ae busca ser un accionista minoritario para que el emprendedor siga liderando su proyecto ya que ese el valor que buscamos.[\/vc_column_text][\/qode_accordion_tab][qode_accordion_tab title=\u00bbCuanto tiempo debo invertir en el proceso?\u00bb title_tag=\u00bbh4&#8243; icon_pack=\u00bbfont_awesome\u00bb icon=\u00bbfa-bolt\u00bb][vc_column_text]El tipo de trabajo de definamos en conjunto va a definir el tiempo que se debe dedicar. Cada emprendedor busca diferentes caminos dependiendo de sus necesidades.[\/vc_column_text][\/qode_accordion_tab][qode_accordion_tab title=\u00bbQu\u00e9 tan involucrado estar\u00e1 albora\u00ae en el proceso?\u00bb title_tag=\u00bbh4&#8243; icon_pack=\u00bbfont_awesome\u00bb icon=\u00bbfa-bolt\u00bb][vc_column_text]Estamos acompa\u00f1ando todo el proceso desde registro hasta trabajo conjunto.[\/vc_column_text][\/qode_accordion_tab][\/qode_accordion][\/vc_column][\/vc_row][vc_row css_animation=\u00bb\u00bb row_type=\u00bbrow\u00bb use_row_as_full_screen_section=\u00bbno\u00bb type=\u00bbgrid\u00bb angled_section=\u00bbno\u00bb text_align=\u00bbcenter\u00bb background_image_as_pattern=\u00bbwithout_pattern\u00bb z_index=\u00bb\u00bb][vc_column][vc_separator type=\u00bbnormal\u00bb color=\u00bb#efefef\u00bb][vc_empty_space height=\u00bb30px\u00bb][\/vc_column][\/vc_row][vc_row css_animation=\u00bb\u00bb row_type=\u00bbrow\u00bb use_row_as_full_screen_section=\u00bbno\u00bb type=\u00bbgrid\u00bb angled_section=\u00bbno\u00bb text_align=\u00bbcenter\u00bb background_image_as_pattern=\u00bbwithout_pattern\u00bb z_index=\u00bb\u00bb][vc_column][vc_column_text]<\/p>\n<h2 style=\"text-align: center;\"><span style=\"color: #00b398;\">C\u00f3mo aplicar<\/span><\/h2>\n<p>[\/vc_column_text][vc_empty_space height=\u00bb55px\u00bb][\/vc_column][\/vc_row][vc_row css_animation=\u00bb\u00bb row_type=\u00bbrow\u00bb use_row_as_full_screen_section=\u00bbno\u00bb type=\u00bbgrid\u00bb angled_section=\u00bbno\u00bb text_align=\u00bbleft\u00bb background_image_as_pattern=\u00bbwithout_pattern\u00bb z_index=\u00bb\u00bb][vc_column width=\u00bb1\/3&#8243;][vc_single_image image=\u00bb1371&#8243; img_size=\u00bbfull\u00bb alignment=\u00bbcenter\u00bb qode_css_animation=\u00bb\u00bb][vc_empty_space height=\u00bb40px\u00bb][vc_column_text]<\/p>\n<h3 style=\"text-align: center;\"><span style=\"color: #f2827f;\">1. Postulaci\u00f3n<\/span><\/h3>\n<p>[\/vc_column_text][vc_empty_space height=\u00bb22px\u00bb][vc_column_text]<\/p>\n<p style=\"text-align: center;\">Si tienes una soluci\u00f3n que encaje en alguna de nuestras \u00e1reas de inter\u00e9s, nos gustar\u00eda conocerte<\/p>\n<p>[\/vc_column_text][vc_empty_space height=\u00bb40px\u00bb][\/vc_column][vc_column width=\u00bb1\/3&#8243;][vc_single_image image=\u00bb1372&#8243; img_size=\u00bbfull\u00bb alignment=\u00bbcenter\u00bb qode_css_animation=\u00bb\u00bb][vc_empty_space height=\u00bb40px\u00bb][vc_column_text]<\/p>\n<h3 style=\"text-align: center;\"><span style=\"color: #00b398;\">2. Presentaci\u00f3n<\/span><\/h3>\n<p>[\/vc_column_text][vc_empty_space height=\u00bb22px\u00bb][vc_column_text]<\/p>\n<p style=\"text-align: center;\">Realizaras una presentaci\u00f3n ante el equipo de albora\u00ae, comercial y t\u00e9cnico donde validaremos el conocimiento y desarrollo de tu soluci\u00f3n<\/p>\n<p>[\/vc_column_text][vc_empty_space height=\u00bb40px\u00bb][\/vc_column][vc_column width=\u00bb1\/3&#8243;][vc_single_image image=\u00bb1373&#8243; img_size=\u00bbfull\u00bb alignment=\u00bbcenter\u00bb qode_css_animation=\u00bb\u00bb][vc_empty_space height=\u00bb40px\u00bb][vc_column_text]<\/p>\n<h3 style=\"text-align: center;\"><span style=\"color: #f3d267;\">3. Presentaci\u00f3n al l\u00edder de negocio<\/span><\/h3>\n<p>[\/vc_column_text][vc_empty_space height=\u00bb22px\u00bb][vc_column_text]<\/p>\n<p style=\"text-align: center;\">Presentar\u00e1s ante alguno de los l\u00edderes de negocio de Alianza Team\u00ae para definir el mejor modelo de relacionamiento y validaci\u00f3n de tu soluci\u00f3n.<\/p>\n<p>[\/vc_column_text][vc_empty_space height=\u00bb40px\u00bb][\/vc_column][\/vc_row][vc_row css_animation=\u00bb\u00bb row_type=\u00bbrow\u00bb use_row_as_full_screen_section=\u00bbno\u00bb type=\u00bbgrid\u00bb angled_section=\u00bbno\u00bb text_align=\u00bbleft\u00bb background_image_as_pattern=\u00bbwithout_pattern\u00bb z_index=\u00bb\u00bb][vc_column width=\u00bb1\/3&#8243;][vc_single_image image=\u00bb1374&#8243; img_size=\u00bbfull\u00bb alignment=\u00bbcenter\u00bb qode_css_animation=\u00bb\u00bb][vc_empty_space height=\u00bb40px\u00bb][vc_column_text]<\/p>\n<h3 style=\"text-align: center;\"><span style=\"color: #fead6c;\">4. Team Tank<\/span><\/h3>\n<p>[\/vc_column_text][vc_empty_space height=\u00bb22px\u00bb][vc_column_text]<\/p>\n<p style=\"text-align: center;\">Presentaras ante nuestro comit\u00e9 de inversiones donde evaluaremos el potencial de tu startup o proyecto, y como el conocimiento potencia a Alianza Team\u00ae.<\/p>\n<p>[\/vc_column_text][\/vc_column][vc_column width=\u00bb1\/3&#8243;][vc_single_image image=\u00bb1375&#8243; img_size=\u00bbfull\u00bb alignment=\u00bbcenter\u00bb qode_css_animation=\u00bb\u00bb][vc_empty_space height=\u00bb40px\u00bb][vc_column_text]<\/p>\n<h3 style=\"text-align: center;\"><span style=\"color: #f2827f;\">5. Inversi\u00f3n<\/span><\/h3>\n<p>[\/vc_column_text][vc_empty_space height=\u00bb22px\u00bb][vc_column_text]<\/p>\n<p style=\"text-align: center;\">Definiremos\u00a0 el veh\u00edculo de inversi\u00f3n\u00a0 que m\u00e1s se adecue a\u00a0 tu startup o proyecto<\/p>\n<p>[\/vc_column_text][\/vc_column][vc_column width=\u00bb1\/3&#8243;][vc_single_image image=\u00bb1376&#8243; img_size=\u00bbfull\u00bb alignment=\u00bbcenter\u00bb qode_css_animation=\u00bb\u00bb][vc_empty_space height=\u00bb40px\u00bb][vc_column_text]<\/p>\n<h3 style=\"text-align: center;\"><span style=\"color: #00b398;\">6. Seguimiento<\/span><\/h3>\n<p>[\/vc_column_text][vc_empty_space height=\u00bb22px\u00bb][vc_column_text]<\/p>\n<p style=\"text-align: center;\">Realizaremos un seguimiento a la integraci\u00f3n con los negocios de Alianza Team\u00ae y el desempe\u00f1o del plan de inversi\u00f3n a ejecutar.<\/p>\n<p>[\/vc_column_text][\/vc_column][\/vc_row][vc_row css_animation=\u00bb\u00bb row_type=\u00bbrow\u00bb use_row_as_full_screen_section=\u00bbno\u00bb type=\u00bbfull_width\u00bb angled_section=\u00bbno\u00bb text_align=\u00bbleft\u00bb background_image_as_pattern=\u00bbwithout_pattern\u00bb][vc_column][vc_empty_space height=\u00bb40px\u00bb][\/vc_column][\/vc_row]<\/p>","protected":false},"excerpt":{"rendered":"<p>[vc_row css_animation=\u00bb\u00bb row_type=\u00bbrow\u00bb use_row_as_full_screen_section=\u00bbno\u00bb type=\u00bbfull_width\u00bb angled_section=\u00bbno\u00bb text_align=\u00bbleft\u00bb background_image_as_pattern=\u00bbwithout_pattern\u00bb][vc_column][rev_slider slidertitle=\u00bbPreguntas\u00bb alias=\u00bbpreguntas-frecuentes\u00bb][\/vc_column][\/vc_row][vc_row css_animation=\u00bb\u00bb row_type=\u00bbrow\u00bb use_row_as_full_screen_section=\u00bbno\u00bb type=\u00bbgrid\u00bb angled_section=\u00bbno\u00bb text_align=\u00bbcenter\u00bb background_image_as_pattern=\u00bbwithout_pattern\u00bb z_index=\u00bb\u00bb][vc_column][vc_empty_space height=\u00bb60px\u00bb][vc_column_text] Mitos y Preguntas Frecuentes [\/vc_column_text][\/vc_column][\/vc_row][vc_row css_animation=\u00bb\u00bb row_type=\u00bbrow\u00bb use_row_as_full_screen_section=\u00bbno\u00bb type=\u00bbgrid\u00bb angled_section=\u00bbno\u00bb text_align=\u00bbleft\u00bb background_image_as_pattern=\u00bbwithout_pattern\u00bb css=\u00bb.vc_custom_1587087033337{padding-top: 60px !important;padding-bottom: 60px !important;}\u00bb z_index=\u00bb\u00bb][vc_column offset=\u00bbvc_col-lg-4 vc_col-md-4 vc_col-xs-12&#8243;][vc_single_image image=\u00bb1362&#8243; img_size=\u00bbfull\u00bb qode_css_animation=\u00bb\u00bb][vc_empty_space height=\u00bb40px\u00bb][\/vc_column][vc_column offset=\u00bbvc_col-lg-8&#8230;<\/p>","protected":false},"author":21,"featured_media":0,"parent":0,"menu_order":0,"comment_status":"closed","ping_status":"closed","template":"full_width.php","meta":{"rank_math_lock_modified_date":false,"footnotes":""},"class_list":["post-888","page","type-page","status-publish","hentry"],"_links":{"self":[{"href":"https:\/\/www.albora.co\/en\/wp-json\/wp\/v2\/pages\/888","targetHints":{"allow":["GET"]}}],"collection":[{"href":"https:\/\/www.albora.co\/en\/wp-json\/wp\/v2\/pages"}],"about":[{"href":"https:\/\/www.albora.co\/en\/wp-json\/wp\/v2\/types\/page"}],"author":[{"embeddable":true,"href":"https:\/\/www.albora.co\/en\/wp-json\/wp\/v2\/users\/21"}],"replies":[{"embeddable":true,"href":"https:\/\/www.albora.co\/en\/wp-json\/wp\/v2\/comments?post=888"}],"version-history":[{"count":53,"href":"https:\/\/www.albora.co\/en\/wp-json\/wp\/v2\/pages\/888\/revisions"}],"predecessor-version":[{"id":1629,"href":"https:\/\/www.albora.co\/en\/wp-json\/wp\/v2\/pages\/888\/revisions\/1629"}],"wp:attachment":[{"href":"https:\/\/www.albora.co\/en\/wp-json\/wp\/v2\/media?parent=888"}],"curies":[{"name":"wp","href":"https:\/\/api.w.org\/{rel}","templated":true}]}}