{"id":937,"date":"2020-04-17T04:01:07","date_gmt":"2020-04-17T02:01:07","guid":{"rendered":"https:\/\/albora.co\/?page_id=937"},"modified":"2024-04-10T14:27:43","modified_gmt":"2024-04-10T19:27:43","slug":"areas-de-interes","status":"publish","type":"page","link":"https:\/\/www.albora.co\/en\/areas-de-interes\/","title":{"rendered":"\u00c1reas de Inter\u00e9s"},"content":{"rendered":"<p>[vc_row css_animation=\u00bb\u00bb row_type=\u00bbrow\u00bb use_row_as_full_screen_section=\u00bbno\u00bb type=\u00bbfull_width\u00bb angled_section=\u00bbno\u00bb text_align=\u00bbleft\u00bb background_image_as_pattern=\u00bbwithout_pattern\u00bb][vc_column][rev_slider slidertitle=\u00bbArea Interes\u00bb alias=\u00bbareas-de-interes\u00bb][vc_empty_space height=\u00bb40px\u00bb][\/vc_column][\/vc_row][vc_row css_animation=\u00bb\u00bb row_type=\u00bbrow\u00bb use_row_as_full_screen_section=\u00bbno\u00bb type=\u00bbfull_width\u00bb angled_section=\u00bbno\u00bb text_align=\u00bbleft\u00bb background_image_as_pattern=\u00bbwithout_pattern\u00bb][vc_column width=\u00bb1\/2&#8243; css=\u00bb.vc_custom_1587090727305{padding-top: 100px !important;padding-right: 100px !important;padding-bottom: 100px !important;padding-left: 100px !important;}\u00bb][vc_column_text]<\/p>\n<h2><span style=\"color: #00b398;\">Food Tech<\/span><\/h2>\n<p>[\/vc_column_text][vc_empty_space height=\u00bb20px\u00bb][vc_column_text]Productos, procesos y tecnolog\u00edas con foco en mejorar la nutrici\u00f3n, funcionalidad de los alimentos, as\u00ed como la sostenibilidad en su producci\u00f3n.[\/vc_column_text][vc_empty_space height=\u00bb20px\u00bb][\/vc_column][vc_column width=\u00bb1\/2&#8243;][vc_single_image image=\u00bb1391&#8243; img_size=\u00bbfull\u00bb alignment=\u00bbcenter\u00bb qode_css_animation=\u00bb\u00bb][vc_empty_space height=\u00bb20px\u00bb][\/vc_column][\/vc_row][vc_row css_animation=\u00bb\u00bb row_type=\u00bbrow\u00bb use_row_as_full_screen_section=\u00bbno\u00bb type=\u00bbgrid\u00bb angled_section=\u00bbno\u00bb text_align=\u00bbleft\u00bb background_image_as_pattern=\u00bbwithout_pattern\u00bb z_index=\u00bb\u00bb][vc_column][vc_separator type=\u00bbnormal\u00bb color=\u00bb#efefef\u00bb][vc_empty_space height=\u00bb15px\u00bb][\/vc_column][\/vc_row][vc_row css_animation=\u00bb\u00bb row_type=\u00bbrow\u00bb use_row_as_full_screen_section=\u00bbno\u00bb type=\u00bbfull_width\u00bb angled_section=\u00bbno\u00bb text_align=\u00bbleft\u00bb background_image_as_pattern=\u00bbwithout_pattern\u00bb][vc_column width=\u00bb1\/2&#8243;][vc_empty_space height=\u00bb20px\u00bb][vc_single_image image=\u00bb1392&#8243; img_size=\u00bbfull\u00bb alignment=\u00bbcenter\u00bb qode_css_animation=\u00bb\u00bb][\/vc_column][vc_column width=\u00bb1\/2&#8243; css=\u00bb.vc_custom_1587090727305{padding-top: 100px !important;padding-right: 100px !important;padding-bottom: 100px !important;padding-left: 100px !important;}\u00bb][vc_column_text]<\/p>\n<h2><span style=\"color: #00b398;\">Tecnolog\u00eda de Empaques<\/span><\/h2>\n<p>[\/vc_column_text][vc_empty_space height=\u00bb20px\u00bb][vc_column_text]Soluciones en conservaci\u00f3n de alimentos, empaques sostenibles, conveniencia y control de desperdicios.[\/vc_column_text][vc_empty_space height=\u00bb20px\u00bb][vc_column_text][\/vc_column_text][vc_empty_space height=\u00bb20px\u00bb][\/vc_column][\/vc_row][vc_row css_animation=\u00bb\u00bb row_type=\u00bbrow\u00bb use_row_as_full_screen_section=\u00bbno\u00bb type=\u00bbgrid\u00bb angled_section=\u00bbno\u00bb text_align=\u00bbleft\u00bb background_image_as_pattern=\u00bbwithout_pattern\u00bb z_index=\u00bb\u00bb][vc_column][vc_empty_space height=\u00bb15px\u00bb][vc_separator type=\u00bbnormal\u00bb color=\u00bb#efefef\u00bb][\/vc_column][\/vc_row][vc_row css_animation=\u00bb\u00bb row_type=\u00bbrow\u00bb use_row_as_full_screen_section=\u00bbno\u00bb type=\u00bbfull_width\u00bb angled_section=\u00bbno\u00bb text_align=\u00bbleft\u00bb background_image_as_pattern=\u00bbwithout_pattern\u00bb][vc_column width=\u00bb1\/2&#8243; css=\u00bb.vc_custom_1587090727305{padding-top: 100px !important;padding-right: 100px !important;padding-bottom: 100px !important;padding-left: 100px !important;}\u00bb][vc_column_text]<\/p>\n<h2><strong><span style=\"color: #00b398;\">Trazabilidad<\/span><\/strong><\/h2>\n<p>[\/vc_column_text][vc_empty_space height=\u00bb20px\u00bb][vc_column_text]Tecnolog\u00edas para controlar el aprovisionamiento de materias primas, transformaci\u00f3n, log\u00edstica y relaci\u00f3n con el del consumidor.[\/vc_column_text][vc_empty_space height=\u00bb20px\u00bb][vc_column_text][\/vc_column_text][vc_empty_space height=\u00bb20px\u00bb][\/vc_column][vc_column width=\u00bb1\/2&#8243;][vc_empty_space height=\u00bb20px\u00bb][vc_single_image image=\u00bb1393&#8243; img_size=\u00bbfull\u00bb alignment=\u00bbcenter\u00bb qode_css_animation=\u00bb\u00bb][vc_empty_space height=\u00bb20px\u00bb][\/vc_column][\/vc_row][vc_row css_animation=\u00bb\u00bb row_type=\u00bbrow\u00bb use_row_as_full_screen_section=\u00bbno\u00bb type=\u00bbgrid\u00bb angled_section=\u00bbno\u00bb text_align=\u00bbleft\u00bb background_image_as_pattern=\u00bbwithout_pattern\u00bb z_index=\u00bb\u00bb][vc_column][vc_separator type=\u00bbnormal\u00bb color=\u00bb#efefef\u00bb][vc_empty_space height=\u00bb15px\u00bb][\/vc_column][\/vc_row][vc_row css_animation=\u00bb\u00bb row_type=\u00bbrow\u00bb use_row_as_full_screen_section=\u00bbno\u00bb type=\u00bbfull_width\u00bb angled_section=\u00bbno\u00bb text_align=\u00bbleft\u00bb background_image_as_pattern=\u00bbwithout_pattern\u00bb][vc_column width=\u00bb1\/2&#8243;][vc_empty_space height=\u00bb20px\u00bb][vc_single_image image=\u00bb1394&#8243; img_size=\u00bbfull\u00bb alignment=\u00bbcenter\u00bb qode_css_animation=\u00bb\u00bb][\/vc_column][vc_column width=\u00bb1\/2&#8243; css=\u00bb.vc_custom_1587090727305{padding-top: 100px !important;padding-right: 100px !important;padding-bottom: 100px !important;padding-left: 100px !important;}\u00bb][vc_column_text]<\/p>\n<h2><strong><span style=\"color: #00b398;\">Omnicanalidad<\/span><\/strong><\/h2>\n<p>[\/vc_column_text][vc_empty_space height=\u00bb20px\u00bb][vc_column_text]Modelos que construyan relaciones de alto valor con el consumidor para obtener insights, experimentar y llegar a territorios no atendidos.[\/vc_column_text][vc_empty_space height=\u00bb20px\u00bb][\/vc_column][\/vc_row][vc_row css_animation=\u00bb\u00bb row_type=\u00bbrow\u00bb use_row_as_full_screen_section=\u00bbno\u00bb type=\u00bbgrid\u00bb angled_section=\u00bbno\u00bb text_align=\u00bbleft\u00bb background_image_as_pattern=\u00bbwithout_pattern\u00bb z_index=\u00bb\u00bb][vc_column][vc_empty_space height=\u00bb15px\u00bb][vc_separator type=\u00bbnormal\u00bb color=\u00bb#efefef\u00bb][vc_empty_space height=\u00bb30px\u00bb][\/vc_column][\/vc_row][vc_row css_animation=\u00bb\u00bb row_type=\u00bbrow\u00bb use_row_as_full_screen_section=\u00bbno\u00bb type=\u00bbfull_width\u00bb angled_section=\u00bbno\u00bb text_align=\u00bbleft\u00bb background_image_as_pattern=\u00bbwithout_pattern\u00bb][vc_column][vc_column_text]<\/p>\n<h2 style=\"text-align: center;\"><span style=\"color: #00b398;\">C\u00f3mo aplicar<\/span><\/h2>\n<p>[\/vc_column_text][vc_empty_space height=\u00bb55px\u00bb][\/vc_column][\/vc_row][vc_row css_animation=\u00bb\u00bb row_type=\u00bbrow\u00bb use_row_as_full_screen_section=\u00bbno\u00bb type=\u00bbgrid\u00bb angled_section=\u00bbno\u00bb text_align=\u00bbleft\u00bb background_image_as_pattern=\u00bbwithout_pattern\u00bb z_index=\u00bb\u00bb][vc_column width=\u00bb1\/3&#8243;][vc_single_image image=\u00bb1371&#8243; img_size=\u00bbfull\u00bb alignment=\u00bbcenter\u00bb qode_css_animation=\u00bb\u00bb][vc_empty_space height=\u00bb40px\u00bb][vc_column_text]<\/p>\n<h3 style=\"text-align: center;\"><span style=\"color: #f2827f;\">1. Postulaci\u00f3n<\/span><\/h3>\n<p>[\/vc_column_text][vc_empty_space height=\u00bb22px\u00bb][vc_column_text]<\/p>\n<p style=\"text-align: center;\">Si tienes una soluci\u00f3n que encaje en alguna de nuestras \u00e1reas de inter\u00e9s, nos gustar\u00eda conocerte.<\/p>\n<p>[\/vc_column_text][vc_empty_space height=\u00bb40px\u00bb][\/vc_column][vc_column width=\u00bb1\/3&#8243;][vc_single_image image=\u00bb1372&#8243; img_size=\u00bbfull\u00bb alignment=\u00bbcenter\u00bb qode_css_animation=\u00bb\u00bb][vc_empty_space height=\u00bb40px\u00bb][vc_column_text]<\/p>\n<h3 style=\"text-align: center;\"><span style=\"color: #00b398;\">2. Presentaci\u00f3n<\/span><\/h3>\n<h3 style=\"text-align: center;\"><\/h3>\n<p>[\/vc_column_text][vc_empty_space height=\u00bb22px\u00bb][vc_column_text]<\/p>\n<p style=\"text-align: center;\">Realizar\u00e1s una presentaci\u00f3n ante el equipo de albora\u00ae, comercial y t\u00e9cnico donde validaremos el conocimiento y desarrollo de tu soluci\u00f3n.<\/p>\n<p>[\/vc_column_text][vc_empty_space height=\u00bb40px\u00bb][\/vc_column][vc_column width=\u00bb1\/3&#8243;][vc_single_image image=\u00bb1373&#8243; img_size=\u00bbfull\u00bb alignment=\u00bbcenter\u00bb qode_css_animation=\u00bb\u00bb][vc_empty_space height=\u00bb40px\u00bb][vc_column_text]<\/p>\n<h3 style=\"text-align: center;\"><span style=\"color: #f3d267;\">3. Presentaci\u00f3n al l\u00edder de negocio<\/span><\/h3>\n<h3 style=\"text-align: center;\"><\/h3>\n<p>[\/vc_column_text][vc_empty_space height=\u00bb22px\u00bb][vc_column_text]<\/p>\n<p style=\"text-align: center;\">Presentar\u00e1s ante alguno de los l\u00edderes de negocio de Alianza Team\u00ae para definir el mejor modelo de relacionamiento y validaci\u00f3n de tu soluci\u00f3n.<\/p>\n<p>[\/vc_column_text][vc_empty_space height=\u00bb40px\u00bb][\/vc_column][\/vc_row][vc_row css_animation=\u00bb\u00bb row_type=\u00bbrow\u00bb use_row_as_full_screen_section=\u00bbno\u00bb type=\u00bbgrid\u00bb angled_section=\u00bbno\u00bb text_align=\u00bbleft\u00bb background_image_as_pattern=\u00bbwithout_pattern\u00bb z_index=\u00bb\u00bb][vc_column width=\u00bb1\/3&#8243;][vc_single_image image=\u00bb1374&#8243; img_size=\u00bbfull\u00bb alignment=\u00bbcenter\u00bb qode_css_animation=\u00bb\u00bb][vc_empty_space height=\u00bb40px\u00bb][vc_column_text]<\/p>\n<h3 style=\"text-align: center;\"><span style=\"color: #fead6c;\">4. Team Tank<\/span><\/h3>\n<p>[\/vc_column_text][vc_empty_space height=\u00bb22px\u00bb][vc_column_text]<\/p>\n<p style=\"text-align: center;\">Presentar\u00e1s ante nuestro comit\u00e9 de inversiones donde evaluaremos el potencial de tu startup o proyecto, y como el conocimiento potencia a Alianza Team\u00ae.<\/p>\n<p>[\/vc_column_text][\/vc_column][vc_column width=\u00bb1\/3&#8243;][vc_single_image image=\u00bb1375&#8243; img_size=\u00bbfull\u00bb alignment=\u00bbcenter\u00bb qode_css_animation=\u00bb\u00bb][vc_empty_space height=\u00bb40px\u00bb][vc_column_text]<\/p>\n<h3 style=\"text-align: center;\"><span style=\"color: #f2827f;\">5. Inversi\u00f3n<\/span><\/h3>\n<h3 style=\"text-align: center;\"><\/h3>\n<p>[\/vc_column_text][vc_empty_space height=\u00bb22px\u00bb][vc_column_text]<\/p>\n<p style=\"text-align: center;\">Definiremos el veh\u00edculo de inversi\u00f3n que m\u00e1s se adecue a tu startup o proyecto.<\/p>\n<p>[\/vc_column_text][\/vc_column][vc_column width=\u00bb1\/3&#8243;][vc_single_image image=\u00bb1376&#8243; img_size=\u00bbfull\u00bb alignment=\u00bbcenter\u00bb qode_css_animation=\u00bb\u00bb][vc_empty_space height=\u00bb40px\u00bb][vc_column_text]<\/p>\n<h3 style=\"text-align: center;\"><span style=\"color: #00b398;\">6. Seguimiento<\/span><\/h3>\n<h3 style=\"text-align: center;\"><\/h3>\n<p>[\/vc_column_text][vc_empty_space height=\u00bb22px\u00bb][vc_column_text]<\/p>\n<p style=\"text-align: center;\">Realizaremos un seguimiento a la integraci\u00f3n con los negocios de Alianza Team\u00ae y el desempe\u00f1o del plan de inversi\u00f3n a ejecutar.<\/p>\n<p>[\/vc_column_text][\/vc_column][\/vc_row][vc_row css_animation=\u00bb\u00bb row_type=\u00bbrow\u00bb use_row_as_full_screen_section=\u00bbno\u00bb type=\u00bbfull_width\u00bb angled_section=\u00bbno\u00bb text_align=\u00bbleft\u00bb background_image_as_pattern=\u00bbwithout_pattern\u00bb][vc_column][vc_empty_space height=\u00bb30px\u00bb][action full_width=\u00bbyes\u00bb content_in_grid=\u00bbyes\u00bb type=\u00bbnormal\u00bb text_font_weight=\u00bb400&#8243; show_button=\u00bbyes\u00bb button_size=\u00bbbig_large\u00bb background_color=\u00bb#f2827f\u00bb text_letter_spacing=\u00bb2&#8243; button_text=\u00bbHaz Clic\u00bb button_link=\u00bbhttps:\/\/www.albora.co\/contacto\/\u00bb button_text_color=\u00bb#00b398&#8243; button_hover_text_color=\u00bb#00b398&#8243; button_background_color=\u00bb#ffffff\u00bb button_hover_background_color=\u00bb#ffffff\u00bb button_border_color=\u00bb#ffffff\u00bb button_hover_border_color=\u00bb#00b398&#8243;]<\/p>\n<h4 style=\"text-align: left;\">POSTULA TU PROYECTO<\/h4>\n<p>[\/action][vc_empty_space height=\u00bb30px\u00bb][\/vc_column][\/vc_row][vc_row css_animation=\u00bb\u00bb row_type=\u00bbrow\u00bb use_row_as_full_screen_section=\u00bbno\u00bb type=\u00bbfull_width\u00bb angled_section=\u00bbno\u00bb text_align=\u00bbleft\u00bb background_image_as_pattern=\u00bbwithout_pattern\u00bb][vc_column][vc_empty_space height=\u00bb30px\u00bb][\/vc_column][\/vc_row]<\/p>","protected":false},"excerpt":{"rendered":"<p>[vc_row css_animation=\u00bb\u00bb row_type=\u00bbrow\u00bb use_row_as_full_screen_section=\u00bbno\u00bb type=\u00bbfull_width\u00bb angled_section=\u00bbno\u00bb text_align=\u00bbleft\u00bb background_image_as_pattern=\u00bbwithout_pattern\u00bb][vc_column][rev_slider slidertitle=\u00bbArea Interes\u00bb alias=\u00bbareas-de-interes\u00bb][vc_empty_space height=\u00bb40px\u00bb][\/vc_column][\/vc_row][vc_row css_animation=\u00bb\u00bb row_type=\u00bbrow\u00bb use_row_as_full_screen_section=\u00bbno\u00bb type=\u00bbfull_width\u00bb angled_section=\u00bbno\u00bb text_align=\u00bbleft\u00bb background_image_as_pattern=\u00bbwithout_pattern\u00bb][vc_column width=\u00bb1\/2&#8243; css=\u00bb.vc_custom_1587090727305{padding-top: 100px !important;padding-right: 100px !important;padding-bottom: 100px !important;padding-left: 100px !important;}\u00bb][vc_column_text] Food Tech [\/vc_column_text][vc_empty_space height=\u00bb20px\u00bb][vc_column_text]Productos, procesos y tecnolog\u00edas con foco en mejorar la nutrici\u00f3n, funcionalidad de los&#8230;<\/p>","protected":false},"author":21,"featured_media":0,"parent":0,"menu_order":0,"comment_status":"closed","ping_status":"closed","template":"full_width.php","meta":{"rank_math_lock_modified_date":false,"footnotes":""},"class_list":["post-937","page","type-page","status-publish","hentry"],"_links":{"self":[{"href":"https:\/\/www.albora.co\/en\/wp-json\/wp\/v2\/pages\/937","targetHints":{"allow":["GET"]}}],"collection":[{"href":"https:\/\/www.albora.co\/en\/wp-json\/wp\/v2\/pages"}],"about":[{"href":"https:\/\/www.albora.co\/en\/wp-json\/wp\/v2\/types\/page"}],"author":[{"embeddable":true,"href":"https:\/\/www.albora.co\/en\/wp-json\/wp\/v2\/users\/21"}],"replies":[{"embeddable":true,"href":"https:\/\/www.albora.co\/en\/wp-json\/wp\/v2\/comments?post=937"}],"version-history":[{"count":82,"href":"https:\/\/www.albora.co\/en\/wp-json\/wp\/v2\/pages\/937\/revisions"}],"predecessor-version":[{"id":1747,"href":"https:\/\/www.albora.co\/en\/wp-json\/wp\/v2\/pages\/937\/revisions\/1747"}],"wp:attachment":[{"href":"https:\/\/www.albora.co\/en\/wp-json\/wp\/v2\/media?parent=937"}],"curies":[{"name":"wp","href":"https:\/\/api.w.org\/{rel}","templated":true}]}}