{"id":986,"date":"2020-04-17T05:40:30","date_gmt":"2020-04-17T03:40:30","guid":{"rendered":"https:\/\/albora.co\/?page_id=986"},"modified":"2024-04-10T14:29:10","modified_gmt":"2024-04-10T19:29:10","slug":"quienes-somos","status":"publish","type":"page","link":"https:\/\/www.albora.co\/en\/quienes-somos\/","title":{"rendered":"Qui\u00e9nes Somos"},"content":{"rendered":"<p>[vc_row css_animation=\u00bb\u00bb row_type=\u00bbrow\u00bb use_row_as_full_screen_section=\u00bbno\u00bb type=\u00bbfull_width\u00bb angled_section=\u00bbno\u00bb text_align=\u00bbleft\u00bb background_image_as_pattern=\u00bbwithout_pattern\u00bb][vc_column][rev_slider slidertitle=\u00bbQuienes Somos\u00bb alias=\u00bbquienes-somos\u00bb][\/vc_column][\/vc_row][vc_row css_animation=\u00bb\u00bb row_type=\u00bbrow\u00bb use_row_as_full_screen_section=\u00bbno\u00bb type=\u00bbgrid\u00bb angled_section=\u00bbno\u00bb text_align=\u00bbleft\u00bb background_image_as_pattern=\u00bbwithout_pattern\u00bb z_index=\u00bb\u00bb css=\u00bb.vc_custom_1590078019995{padding-top: 95px !important;padding-bottom: 35px !important;}\u00bb][vc_column width=\u00bb1\/3&#8243; css=\u00bb.vc_custom_1587095854312{padding-top: 50px !important;}\u00bb][vc_column_text]<\/p>\n<h2><span style=\"color: #f2827f;\">\u00bfQu\u00e9 es <strong>albora\u00ae<\/strong>?<\/span><\/h2>\n<p>[\/vc_column_text][vc_empty_space height=\u00bb20px\u00bb][vc_column_text]<strong>albora\u00ae<\/strong> es el fondo de capital privado corporativo de <strong><a href=\"https:\/\/alianzateam.com\/\" target=\"_blank\" rel=\"noopener\">Alianza Team\u00ae<\/a><\/strong> que nace en 2019 con el prop\u00f3sito de impulsar y captura de conocimiento y que la organizaci\u00f3n pueda generar mayor valor a sus grupos de inter\u00e9s.[\/vc_column_text][vc_empty_space height=\u00bb15px\u00bb][vc_column_text]Buscamos abordar los grandes desaf\u00edos de la industria de alimentos para solucionarlos con un trabajo conjunto con startups y centros de investigaci\u00f3n a partir de la inversi\u00f3n directa y una gesti\u00f3n activa en los planes de integraci\u00f3n con Alianza Team\u00ae.[\/vc_column_text][\/vc_column][vc_column width=\u00bb2\/3&#8243;][vc_empty_space height=\u00bb25px\u00bb][vc_single_image image=\u00bb1379&#8243; img_size=\u00bbfull\u00bb qode_css_animation=\u00bb\u00bb][\/vc_column][\/vc_row][vc_row css_animation=\u00bb\u00bb row_type=\u00bbrow\u00bb use_row_as_full_screen_section=\u00bbno\u00bb type=\u00bbgrid\u00bb angled_section=\u00bbno\u00bb text_align=\u00bbleft\u00bb background_image_as_pattern=\u00bbwithout_pattern\u00bb z_index=\u00bb\u00bb][vc_column][vc_empty_space height=\u00bb30px\u00bb][vc_separator type=\u00bbnormal\u00bb color=\u00bb#efefef\u00bb][vc_empty_space height=\u00bb30px\u00bb][\/vc_column][\/vc_row][vc_row css_animation=\u00bb\u00bb row_type=\u00bbrow\u00bb use_row_as_full_screen_section=\u00bbno\u00bb type=\u00bbgrid\u00bb angled_section=\u00bbno\u00bb text_align=\u00bbleft\u00bb background_image_as_pattern=\u00bbwithout_pattern\u00bb z_index=\u00bb\u00bb][vc_column width=\u00bb1\/2&#8243;][vc_empty_space height=\u00bb15px\u00bb][vc_single_image image=\u00bb1380&#8243; img_size=\u00bbmedium\u00bb alignment=\u00bbcenter\u00bb qode_css_animation=\u00bb\u00bb][\/vc_column][vc_column width=\u00bb1\/2&#8243;][vc_empty_space height=\u00bb15px\u00bb][vc_column_text]<\/p>\n<h2><span style=\"color: #00b398;\">Nuestro equipo albora\u00ae<\/span><\/h2>\n<p>[\/vc_column_text][vc_empty_space height=\u00bb30px\u00bb][vc_column_text]El equipo tiene un amplio conocimiento e interacci\u00f3n dentro del mundo de<br \/>\nemprendimiento, innovaci\u00f3n e investigaci\u00f3n, elementos clave para la retenci\u00f3n directa del conocimiento. El equipo interdisciplinario de albora\u00ae\ufe0f, liderado por un equipo directivo, trabaja codo a codo con los l\u00edderes de las unidades de negocio y un comit\u00e9 de inversiones con conocimiento experto y experiencia en grasas e industria petrolera.[\/vc_column_text][vc_empty_space height=\u00bb25px\u00bb][vc_column_text]El equipo tiene un amplio conocimiento e interacci\u00f3n dentro del mundo de el esp\u00edritu empresarial, la innovaci\u00f3n y la investigaci\u00f3n, elementos clave para impulsar y captar el conocimiento.[\/vc_column_text][\/vc_column][\/vc_row][vc_row css_animation=\u00bb\u00bb row_type=\u00bbrow\u00bb use_row_as_full_screen_section=\u00bbno\u00bb type=\u00bbgrid\u00bb angled_section=\u00bbno\u00bb text_align=\u00bbleft\u00bb background_image_as_pattern=\u00bbwithout_pattern\u00bb z_index=\u00bb\u00bb][vc_column][vc_empty_space height=\u00bb30px\u00bb][vc_separator type=\u00bbnormal\u00bb color=\u00bb#efefef\u00bb][\/vc_column][\/vc_row][vc_row css_animation=\u00bb\u00bb row_type=\u00bbrow\u00bb use_row_as_full_screen_section=\u00bbno\u00bb type=\u00bbgrid\u00bb angled_section=\u00bbno\u00bb text_align=\u00bbleft\u00bb background_image_as_pattern=\u00bbwithout_pattern\u00bb z_index=\u00bb\u00bb][vc_column][vc_empty_space height=\u00bb30px\u00bb][vc_column_text]<\/p>\n<h2><span style=\"color: #f2827f;\">Somos Diferentes<\/span><\/h2>\n<p>[\/vc_column_text][vc_empty_space height=\u00bb20px\u00bb][vc_column_text]<strong>albora\u00ae<\/strong> es un veh\u00edculo de capital de riesgo que:[\/vc_column_text][vc_empty_space height=\u00bb15px\u00bb][vc_row_inner row_type=\u00bbrow\u00bb type=\u00bbfull_width\u00bb text_align=\u00bbleft\u00bb css_animation=\u00bb\u00bb][vc_column_inner width=\u00bb1\/4&#8243; offset=\u00bbvc_col-xs-3&#8243;][vc_single_image image=\u00bb1381&#8243; img_size=\u00bbfull\u00bb alignment=\u00bbright\u00bb qode_css_animation=\u00bb\u00bb][vc_empty_space height=\u00bb10px\u00bb][\/vc_column_inner][vc_column_inner width=\u00bb3\/4&#8243; offset=\u00bbvc_col-xs-9&#8243;][vc_empty_space height=\u00bb15px\u00bb][vc_column_text]Gesti\u00f3n activa del desarrollo y seguimiento de planes de negocio para asegurar una integraci\u00f3n exitosa del proyecto de innovaci\u00f3n.[\/vc_column_text][vc_empty_space height=\u00bb40px\u00bb][\/vc_column_inner][\/vc_row_inner][vc_row_inner row_type=\u00bbrow\u00bb type=\u00bbfull_width\u00bb text_align=\u00bbleft\u00bb css_animation=\u00bb\u00bb][vc_column_inner width=\u00bb1\/4&#8243; offset=\u00bbvc_col-xs-3&#8243;][vc_single_image image=\u00bb1382&#8243; img_size=\u00bbfull\u00bb alignment=\u00bbright\u00bb qode_css_animation=\u00bb\u00bb][vc_empty_space height=\u00bb10px\u00bb][\/vc_column_inner][vc_column_inner width=\u00bb3\/4&#8243; offset=\u00bbvc_col-xs-9&#8243;][vc_empty_space height=\u00bb15px\u00bb][vc_column_text]Al ser inversionista, <b>comparte riesgos y rendimientos<\/b> en el mediano y largo plazo[\/vc_column_text][vc_empty_space height=\u00bb50px\u00bb][\/vc_column_inner][\/vc_row_inner][vc_row_inner row_type=\u00bbrow\u00bb type=\u00bbfull_width\u00bb text_align=\u00bbleft\u00bb css_animation=\u00bb\u00bb][vc_column_inner width=\u00bb1\/4&#8243; offset=\u00bbvc_col-xs-3&#8243;][vc_single_image image=\u00bb1383&#8243; img_size=\u00bbfull\u00bb alignment=\u00bbright\u00bb qode_css_animation=\u00bb\u00bb][vc_empty_space height=\u00bb10px\u00bb][\/vc_column_inner][vc_column_inner width=\u00bb3\/4&#8243; offset=\u00bbvc_col-xs-9&#8243;][vc_empty_space height=\u00bb15px\u00bb][vc_column_text]Invertir en estrategias de crecimiento que impulsen y capturen el conocimiento para incrementar el valor.[\/vc_column_text][vc_empty_space height=\u00bb45px\u00bb][\/vc_column_inner][\/vc_row_inner][vc_row_inner row_type=\u00bbrow\u00bb type=\u00bbfull_width\u00bb text_align=\u00bbleft\u00bb css_animation=\u00bb\u00bb][vc_column_inner width=\u00bb1\/4&#8243; offset=\u00bbvc_col-xs-3&#8243;][vc_single_image image=\u00bb1384&#8243; img_size=\u00bbfull\u00bb alignment=\u00bbright\u00bb qode_css_animation=\u00bb\u00bb][\/vc_column_inner][vc_column_inner width=\u00bb3\/4&#8243; offset=\u00bbvc_col-xs-9&#8243;][vc_empty_space height=\u00bb15px\u00bb][vc_column_text]Invierte en <b>posiciones minoritarias<\/b> para ser <b>accionistas de manera temporal <\/b>en un periodo de 5 a 7 a\u00f1os[\/vc_column_text][\/vc_column_inner][\/vc_row_inner][\/vc_column][\/vc_row][vc_row css_animation=\u00bb\u00bb row_type=\u00bbrow\u00bb use_row_as_full_screen_section=\u00bbno\u00bb type=\u00bbgrid\u00bb angled_section=\u00bbno\u00bb text_align=\u00bbleft\u00bb background_image_as_pattern=\u00bbwithout_pattern\u00bb z_index=\u00bb\u00bb][vc_column][vc_empty_space height=\u00bb30px\u00bb][vc_separator type=\u00bbnormal\u00bb color=\u00bb#efefef\u00bb][\/vc_column][\/vc_row][vc_row css_animation=\u00bb\u00bb row_type=\u00bbrow\u00bb use_row_as_full_screen_section=\u00bbno\u00bb type=\u00bbgrid\u00bb angled_section=\u00bbno\u00bb text_align=\u00bbleft\u00bb background_image_as_pattern=\u00bbwithout_pattern\u00bb z_index=\u00bb\u00bb][vc_column width=\u00bb1\/4&#8243;][\/vc_column][vc_column width=\u00bb1\/2&#8243; css=\u00bb.vc_custom_1587096242668{padding-top: 50px !important;}\u00bb][vc_column_text]<\/p>\n<h2 style=\"text-align: center;\"><strong><span style=\"color: #00b398;\">C\u00f3mo potenciamos y captamos el conocimiento<\/span><\/strong><\/h2>\n<p>[\/vc_column_text][vc_empty_space height=\u00bb20px\u00bb][\/vc_column][vc_column width=\u00bb1\/4&#8243;][\/vc_column][\/vc_row][vc_row css_animation=\u00bb\u00bb row_type=\u00bbrow\u00bb use_row_as_full_screen_section=\u00bbno\u00bb type=\u00bbgrid\u00bb angled_section=\u00bbno\u00bb text_align=\u00bbcenter\u00bb background_image_as_pattern=\u00bbwithout_pattern\u00bb z_index=\u00bb\u00bb][vc_column width=\u00bb2\/3&#8243;][vc_single_image image=\u00bb1690&#8243; img_size=\u00bbfull\u00bb alignment=\u00bbcenter\u00bb qode_css_animation=\u00bb\u00bb][vc_empty_space height=\u00bb30px\u00bb][\/vc_column][vc_column width=\u00bb1\/3&#8243;][vc_column_text]<\/p>\n<h2 style=\"text-align: center;\"><strong><span style=\"color: #00b398;\">400<\/span><\/strong><\/h2>\n<p>[\/vc_column_text][vc_column_text]<\/p>\n<h4 style=\"text-align: center;\">Compa\u00f1\u00edas y proyectos evaluados<\/h4>\n<p style=\"text-align: center;\">De aceleradoras, incubadoras y centros de investigaci\u00f3n a nivel mundial<\/p>\n<p><img decoding=\"async\" class=\"size-full wp-image-1685 aligncenter\" src=\"https:\/\/albora.co\/wp-content\/uploads\/2021\/01\/flecha-albora.png\" alt=\"\" width=\"47\" height=\"33\" \/>[\/vc_column_text][vc_empty_space height=\u00bb15px\u00bb][vc_column_text]<\/p>\n<h2 style=\"text-align: center;\"><strong><span style=\"color: #00b398;\">5<\/span><\/strong><\/h2>\n<p>[\/vc_column_text][vc_column_text]<\/p>\n<h4 style=\"text-align: center;\">Pilotos y partnerships en conocimiento<\/h4>\n<p style=\"text-align: center;\">Con las \u00e1reas y negocios de Alianza Team\u00ae<\/p>\n<p><img decoding=\"async\" class=\"size-full wp-image-1685 aligncenter\" src=\"https:\/\/albora.co\/wp-content\/uploads\/2021\/01\/flecha-albora.png\" alt=\"\" width=\"47\" height=\"33\" \/>[\/vc_column_text][vc_empty_space height=\u00bb15px\u00bb][vc_column_text]<\/p>\n<h2 style=\"text-align: center;\"><strong><span style=\"color: #00b398;\">4<\/span><\/strong><\/h2>\n<p>[\/vc_column_text][vc_column_text]<\/p>\n<h4 style=\"text-align: center;\">Inversiones en conocimiento<\/h4>\n<p style=\"text-align: center;\">$3 M USD para aportar mayor valor a nuestros negocios y grupos objetivos<\/p>\n<p>[\/vc_column_text][\/vc_column][\/vc_row][vc_row css_animation=\u00bb\u00bb row_type=\u00bbrow\u00bb use_row_as_full_screen_section=\u00bbno\u00bb type=\u00bbgrid\u00bb angled_section=\u00bbno\u00bb text_align=\u00bbcenter\u00bb background_image_as_pattern=\u00bbwithout_pattern\u00bb z_index=\u00bb\u00bb][vc_column width=\u00bb1\/3&#8243; offset=\u00bbvc_hidden-lg vc_hidden-md vc_hidden-sm vc_hidden-xs\u00bb][image_with_text title_tag=\u00bbh3&#8243; image=\u00bb1673&#8243; title=\u00bbJust\u00bb]Desarrolla alimentos de origen vegetal con alto contenido nutricial e indulgentes como huevo, mayonezas, aderezos y cookie dough[\/image_with_text][vc_empty_space height=\u00bb30px\u00bb][\/vc_column][vc_column width=\u00bb1\/3&#8243; offset=\u00bbvc_hidden-lg vc_hidden-md vc_hidden-sm vc_hidden-xs\u00bb][image_with_text title_tag=\u00bbh3&#8243; title=\u00bbVidalia\u00bb image=\u00bb1386&#8243;]Desarrolla <strong>alimentos de origen natural<\/strong> y altos en funcionalidad para impactar la cotidianidad de los consumidores con formulaciones de alto conocimiento cient\u00edfico.[\/image_with_text][vc_empty_space height=\u00bb30px\u00bb][\/vc_column][vc_column width=\u00bb1\/3&#8243; offset=\u00bbvc_hidden-lg vc_hidden-md vc_hidden-sm vc_hidden-xs\u00bb][image_with_text title=\u00bbManos Verdes\u00bb image=\u00bb1387&#8243;]Modelo de <strong>recolecci\u00f3n de aceite de cocina usado<\/strong> para convertirlo en biocombustible[\/image_with_text][vc_empty_space height=\u00bb30px\u00bb][\/vc_column][\/vc_row][vc_row css_animation=\u00bb\u00bb row_type=\u00bbrow\u00bb use_row_as_full_screen_section=\u00bbno\u00bb type=\u00bbgrid\u00bb angled_section=\u00bbno\u00bb text_align=\u00bbcenter\u00bb background_image_as_pattern=\u00bbwithout_pattern\u00bb z_index=\u00bb\u00bb][vc_column width=\u00bb1\/3&#8243; offset=\u00bbvc_hidden-lg vc_hidden-md vc_hidden-sm vc_hidden-xs\u00bb][image_with_text title=\u00bbECO 100&#8243; image=\u00bb1388&#8243;]Protecci\u00f3n a cultivos (aguacate y banano) con productos bio a base de formulaciones con l\u00edpidos.[\/image_with_text][vc_empty_space height=\u00bb30px\u00bb][\/vc_column][vc_column width=\u00bb1\/3&#8243; offset=\u00bbvc_hidden-lg vc_hidden-md vc_hidden-sm vc_hidden-xs\u00bb][image_with_text image=\u00bb1587&#8243; title=\u00bbLiftit\u00bb]Ofrece servicios de optimizaci\u00f3n log\u00edstica en procesos de \u00faltima y primera milla.[\/image_with_text][vc_empty_space height=\u00bb30px\u00bb][\/vc_column][vc_column width=\u00bb1\/3&#8243; offset=\u00bbvc_hidden-lg vc_hidden-md vc_hidden-sm vc_hidden-xs\u00bb][image_with_text]Desarrollo de prebi\u00f3ticos, prebi\u00f3ticos y fitobi\u00f3ticos micro encapsulados para alimentaci\u00f3n animal.[\/image_with_text][vc_empty_space height=\u00bb30px\u00bb][\/vc_column][\/vc_row][vc_row css_animation=\u00bb\u00bb row_type=\u00bbrow\u00bb use_row_as_full_screen_section=\u00bbno\u00bb type=\u00bbgrid\u00bb angled_section=\u00bbno\u00bb text_align=\u00bbcenter\u00bb background_image_as_pattern=\u00bbwithout_pattern\u00bb z_index=\u00bb\u00bb][vc_column width=\u00bb1\/3&#8243;][\/vc_column][vc_column width=\u00bb1\/3&#8243; offset=\u00bbvc_hidden-lg vc_hidden-md vc_hidden-sm vc_hidden-xs\u00bb][image_with_text]Desarrollo de tecnolog\u00eda que permite crear una alternativa sostenible al aceite de palma a partir de microorganismos.[\/image_with_text][vc_empty_space height=\u00bb30px\u00bb][\/vc_column][vc_column width=\u00bb1\/3&#8243;][\/vc_column][\/vc_row][vc_row css_animation=\u00bb\u00bb row_type=\u00bbrow\u00bb use_row_as_full_screen_section=\u00bbno\u00bb type=\u00bbfull_width\u00bb angled_section=\u00bbno\u00bb text_align=\u00bbleft\u00bb background_image_as_pattern=\u00bbwithout_pattern\u00bb z_index=\u00bb\u00bb][vc_column][vc_empty_space height=\u00bb45px\u00bb][action full_width=\u00bbyes\u00bb content_in_grid=\u00bbyes\u00bb type=\u00bbnormal\u00bb text_font_weight=\u00bb400&#8243; show_button=\u00bbyes\u00bb button_size=\u00bbbig_large\u00bb text_letter_spacing=\u00bb2&#8243; button_text=\u00bbHaz clic\u00bb button_link=\u00bbhttps:\/\/www.albora.co\/contacto\/\u00bb button_text_color=\u00bb#00b398&#8243; button_hover_text_color=\u00bb#00b398&#8243; button_background_color=\u00bb#ffffff\u00bb button_hover_background_color=\u00bb#ffffff\u00bb button_border_color=\u00bb#ffffff\u00bb button_hover_border_color=\u00bb#00b398&#8243; background_color=\u00bb#f2827f\u00bb]<\/p>\n<h4 style=\"text-align: left;\">POSTULA TU PROYECTO<\/h4>\n<p>[\/action][vc_empty_space height=\u00bb30px\u00bb][\/vc_column][\/vc_row][vc_row css_animation=\u00bb\u00bb row_type=\u00bbrow\u00bb use_row_as_full_screen_section=\u00bbno\u00bb type=\u00bbfull_width\u00bb angled_section=\u00bbno\u00bb text_align=\u00bbleft\u00bb background_image_as_pattern=\u00bbwithout_pattern\u00bb][vc_column][vc_empty_space height=\u00bb30px\u00bb][\/vc_column][\/vc_row]<\/p>","protected":false},"excerpt":{"rendered":"<p>[vc_row css_animation=\u00bb\u00bb row_type=\u00bbrow\u00bb use_row_as_full_screen_section=\u00bbno\u00bb type=\u00bbfull_width\u00bb angled_section=\u00bbno\u00bb text_align=\u00bbleft\u00bb background_image_as_pattern=\u00bbwithout_pattern\u00bb][vc_column][rev_slider slidertitle=\u00bbQuienes Somos\u00bb alias=\u00bbquienes-somos\u00bb][\/vc_column][\/vc_row][vc_row css_animation=\u00bb\u00bb row_type=\u00bbrow\u00bb use_row_as_full_screen_section=\u00bbno\u00bb type=\u00bbgrid\u00bb angled_section=\u00bbno\u00bb text_align=\u00bbleft\u00bb background_image_as_pattern=\u00bbwithout_pattern\u00bb z_index=\u00bb\u00bb css=\u00bb.vc_custom_1590078019995{padding-top: 95px !important;padding-bottom: 35px !important;}\u00bb][vc_column width=\u00bb1\/3&#8243; css=\u00bb.vc_custom_1587095854312{padding-top: 50px !important;}\u00bb][vc_column_text] \u00bfQu\u00e9 es albora\u00ae? [\/vc_column_text][vc_empty_space height=\u00bb20px\u00bb][vc_column_text]albora\u00ae es el fondo de capital privado corporativo de Alianza Team\u00ae que nace&#8230;<\/p>","protected":false},"author":21,"featured_media":0,"parent":0,"menu_order":0,"comment_status":"closed","ping_status":"closed","template":"","meta":{"rank_math_lock_modified_date":false,"footnotes":""},"class_list":["post-986","page","type-page","status-publish","hentry"],"_links":{"self":[{"href":"https:\/\/www.albora.co\/en\/wp-json\/wp\/v2\/pages\/986","targetHints":{"allow":["GET"]}}],"collection":[{"href":"https:\/\/www.albora.co\/en\/wp-json\/wp\/v2\/pages"}],"about":[{"href":"https:\/\/www.albora.co\/en\/wp-json\/wp\/v2\/types\/page"}],"author":[{"embeddable":true,"href":"https:\/\/www.albora.co\/en\/wp-json\/wp\/v2\/users\/21"}],"replies":[{"embeddable":true,"href":"https:\/\/www.albora.co\/en\/wp-json\/wp\/v2\/comments?post=986"}],"version-history":[{"count":114,"href":"https:\/\/www.albora.co\/en\/wp-json\/wp\/v2\/pages\/986\/revisions"}],"predecessor-version":[{"id":2664,"href":"https:\/\/www.albora.co\/en\/wp-json\/wp\/v2\/pages\/986\/revisions\/2664"}],"wp:attachment":[{"href":"https:\/\/www.albora.co\/en\/wp-json\/wp\/v2\/media?parent=986"}],"curies":[{"name":"wp","href":"https:\/\/api.w.org\/{rel}","templated":true}]}}